{"id":1394,"date":"2023-05-12T18:47:39","date_gmt":"2023-05-12T18:47:39","guid":{"rendered":"https:\/\/imw-mont.com\/?page_id=1394"},"modified":"2023-05-12T18:49:09","modified_gmt":"2023-05-12T18:49:09","slug":"cnc-laser","status":"publish","type":"page","link":"https:\/\/imw-mont.com\/en\/usluge\/cnc-laser\/","title":{"rendered":"CNC Laser"},"content":{"rendered":"<div data-elementor-type=\"wp-page\" data-elementor-id=\"1394\" class=\"elementor elementor-1394\" data-elementor-post-type=\"page\">\n\t\t\t\t\t\t<section class=\"elementor-section elementor-top-section elementor-element elementor-element-5ee68400 elementor-section-full_width elementor-section-height-default elementor-section-height-default\" data-id=\"5ee68400\" data-element_type=\"section\" data-e-type=\"section\" data-settings=\"{&quot;background_background&quot;:&quot;classic&quot;}\">\n\t\t\t\t\t\t\t<div class=\"elementor-background-overlay\"><\/div>\n\t\t\t\t\t\t\t<div class=\"elementor-container elementor-column-gap-default\">\n\t\t\t\t\t<div class=\"elementor-column elementor-col-50 elementor-top-column elementor-element elementor-element-599a661d\" data-id=\"599a661d\" data-element_type=\"column\" data-e-type=\"column\">\n\t\t\t<div class=\"elementor-widget-wrap elementor-element-populated\">\n\t\t\t\t\t\t<section class=\"elementor-section elementor-inner-section elementor-element elementor-element-696ddd17 elementor-section-boxed elementor-section-height-default elementor-section-height-default\" data-id=\"696ddd17\" data-element_type=\"section\" data-e-type=\"section\">\n\t\t\t\t\t\t<div class=\"elementor-container elementor-column-gap-default\">\n\t\t\t\t\t<div class=\"elementor-column elementor-col-100 elementor-inner-column elementor-element elementor-element-20c29dcd\" data-id=\"20c29dcd\" data-element_type=\"column\" data-e-type=\"column\">\n\t\t\t<div class=\"elementor-widget-wrap elementor-element-populated\">\n\t\t\t\t\t\t<div class=\"elementor-element elementor-element-5ba388be elementor-widget elementor-widget-elementskit-heading\" data-id=\"5ba388be\" data-element_type=\"widget\" data-e-type=\"widget\" data-widget_type=\"elementskit-heading.default\">\n\t\t\t\t<div class=\"elementor-widget-container\">\n\t\t\t\t\t<div class=\"ekit-wid-con\" ><div class=\"ekit-heading elementskit-section-title-wraper text_left   ekit_heading_tablet-   ekit_heading_mobile-\"><h2 class=\"ekit-heading--title elementskit-section-title\">CNC <span><span>Laser<\/span><\/span><\/h2><\/div><\/div>\t\t\t\t<\/div>\n\t\t\t\t<\/div>\n\t\t\t\t<div class=\"elementor-element elementor-element-5f8d612f elementor-widget-divider--view-line elementor-widget elementor-widget-divider\" data-id=\"5f8d612f\" data-element_type=\"widget\" data-e-type=\"widget\" data-widget_type=\"divider.default\">\n\t\t\t\t<div class=\"elementor-widget-container\">\n\t\t\t\t\t\t\t<div class=\"elementor-divider\">\n\t\t\t<span class=\"elementor-divider-separator\">\n\t\t\t\t\t\t<\/span>\n\t\t<\/div>\n\t\t\t\t\t\t<\/div>\n\t\t\t\t<\/div>\n\t\t\t\t\t<\/div>\n\t\t<\/div>\n\t\t\t\t\t<\/div>\n\t\t<\/section>\n\t\t\t\t\t<\/div>\n\t\t<\/div>\n\t\t\t\t<div class=\"elementor-column elementor-col-50 elementor-top-column elementor-element elementor-element-c6bbeb8 elementor-hidden-tablet elementor-hidden-mobile\" data-id=\"c6bbeb8\" data-element_type=\"column\" data-e-type=\"column\">\n\t\t\t<div class=\"elementor-widget-wrap\">\n\t\t\t\t\t\t\t<\/div>\n\t\t<\/div>\n\t\t\t\t\t<\/div>\n\t\t<\/section>\n\t\t\t\t<section class=\"elementor-section elementor-top-section elementor-element elementor-element-3b2b17b3 elementor-section-boxed elementor-section-height-default elementor-section-height-default\" data-id=\"3b2b17b3\" data-element_type=\"section\" data-e-type=\"section\">\n\t\t\t\t\t\t<div class=\"elementor-container elementor-column-gap-default\">\n\t\t\t\t\t<div class=\"elementor-column elementor-col-100 elementor-top-column elementor-element elementor-element-40a1ff2b\" data-id=\"40a1ff2b\" data-element_type=\"column\" data-e-type=\"column\">\n\t\t\t<div class=\"elementor-widget-wrap elementor-element-populated\">\n\t\t\t\t\t\t<section class=\"elementor-section elementor-inner-section elementor-element elementor-element-41cb33e7 elementor-section-boxed elementor-section-height-default elementor-section-height-default\" data-id=\"41cb33e7\" data-element_type=\"section\" data-e-type=\"section\">\n\t\t\t\t\t\t<div class=\"elementor-container elementor-column-gap-no\">\n\t\t\t\t\t<div class=\"elementor-column elementor-col-100 elementor-inner-column elementor-element elementor-element-30ba11a5\" data-id=\"30ba11a5\" data-element_type=\"column\" data-e-type=\"column\">\n\t\t\t<div class=\"elementor-widget-wrap elementor-element-populated\">\n\t\t\t\t\t\t<div class=\"elementor-element elementor-element-1e719184 elementor-widget elementor-widget-heading\" data-id=\"1e719184\" data-element_type=\"widget\" data-e-type=\"widget\" data-widget_type=\"heading.default\">\n\t\t\t\t<div class=\"elementor-widget-container\">\n\t\t\t\t\t<h2 class=\"elementor-heading-title elementor-size-default\">CNC Laser<\/h2>\t\t\t\t<\/div>\n\t\t\t\t<\/div>\n\t\t\t\t<div class=\"elementor-element elementor-element-7b791536 elementor-widget elementor-widget-text-editor\" data-id=\"7b791536\" data-element_type=\"widget\" data-e-type=\"widget\" data-widget_type=\"text-editor.default\">\n\t\t\t\t<div class=\"elementor-widget-container\">\n\t\t\t\t\t\t\t\t\t<p>The IMW company offers serviceable and precise cutting up to 30 mm. Fiber laser technology represents the fastest and cheapest way to cut and process metal. The laser beam passes through the sheet metal, leaving behind an ideally aligned cut. Sheet metal cutting speeds with CNC fiber laser technology are incomparably higher compared to any other technology, which significantly increases the efficiency of the machines.<\/p><p>Fiber laser machines are ideal for cutting and processing black sheet, prochrome, aluminum, brass as well as all other types of metal.<\/p>\t\t\t\t\t\t\t\t<\/div>\n\t\t\t\t<\/div>\n\t\t\t\t\t<\/div>\n\t\t<\/div>\n\t\t\t\t\t<\/div>\n\t\t<\/section>\n\t\t\t\t\t<\/div>\n\t\t<\/div>\n\t\t\t\t\t<\/div>\n\t\t<\/section>\n\t\t\t\t<section class=\"elementor-section elementor-top-section elementor-element elementor-element-dcaee01 elementor-section-boxed elementor-section-height-default elementor-section-height-default\" data-id=\"dcaee01\" data-element_type=\"section\" data-e-type=\"section\">\n\t\t\t\t\t\t<div class=\"elementor-container elementor-column-gap-default\">\n\t\t\t\t\t<div class=\"elementor-column elementor-col-100 elementor-top-column elementor-element elementor-element-325b500\" data-id=\"325b500\" data-element_type=\"column\" data-e-type=\"column\">\n\t\t\t<div class=\"elementor-widget-wrap elementor-element-populated\">\n\t\t\t\t\t\t<div class=\"elementor-element elementor-element-0a0e2eb elementor-widget elementor-widget-gallery\" data-id=\"0a0e2eb\" data-element_type=\"widget\" data-e-type=\"widget\" data-settings=\"{&quot;gallery_layout&quot;:&quot;justified&quot;,&quot;lazyload&quot;:&quot;yes&quot;,&quot;ideal_row_height&quot;:{&quot;unit&quot;:&quot;px&quot;,&quot;size&quot;:200,&quot;sizes&quot;:[]},&quot;ideal_row_height_tablet&quot;:{&quot;unit&quot;:&quot;px&quot;,&quot;size&quot;:150,&quot;sizes&quot;:[]},&quot;ideal_row_height_mobile&quot;:{&quot;unit&quot;:&quot;px&quot;,&quot;size&quot;:150,&quot;sizes&quot;:[]},&quot;gap&quot;:{&quot;unit&quot;:&quot;px&quot;,&quot;size&quot;:10,&quot;sizes&quot;:[]},&quot;gap_tablet&quot;:{&quot;unit&quot;:&quot;px&quot;,&quot;size&quot;:10,&quot;sizes&quot;:[]},&quot;gap_mobile&quot;:{&quot;unit&quot;:&quot;px&quot;,&quot;size&quot;:10,&quot;sizes&quot;:[]},&quot;link_to&quot;:&quot;file&quot;,&quot;overlay_background&quot;:&quot;yes&quot;,&quot;content_hover_animation&quot;:&quot;fade-in&quot;}\" data-widget_type=\"gallery.default\">\n\t\t\t\t<div class=\"elementor-widget-container\">\n\t\t\t\t\t\t\t<div class=\"elementor-gallery__container\">\n\t\t\t\t\t\t\t<a class=\"e-gallery-item elementor-gallery-item elementor-animated-content\" href=\"https:\/\/imw-mont.com\/wp-content\/uploads\/2023\/05\/cnc-laser-cutting-metal-modern-industrial-technology-laser-cutting-works-by-directing-output-high-power-laser-through-optics-laser-optics-cnc-computer-numerical-control_564276-1590.jpg\" data-elementor-open-lightbox=\"yes\" data-elementor-lightbox-slideshow=\"0a0e2eb\" data-elementor-lightbox-title=\"cnc-laser-cutting-metal-modern-industrial-technology-laser-cutting-works-by-directing-output-high-power-laser-through-optics-laser-optics-cnc-computer-numerical-control_564276-1590\" data-e-action-hash=\"#elementor-action%3Aaction%3Dlightbox%26settings%3DeyJpZCI6MTM5OSwidXJsIjoiaHR0cHM6XC9cL2ltdy1tb250LmNvbVwvd3AtY29udGVudFwvdXBsb2Fkc1wvMjAyM1wvMDVcL2NuYy1sYXNlci1jdXR0aW5nLW1ldGFsLW1vZGVybi1pbmR1c3RyaWFsLXRlY2hub2xvZ3ktbGFzZXItY3V0dGluZy13b3Jrcy1ieS1kaXJlY3Rpbmctb3V0cHV0LWhpZ2gtcG93ZXItbGFzZXItdGhyb3VnaC1vcHRpY3MtbGFzZXItb3B0aWNzLWNuYy1jb21wdXRlci1udW1lcmljYWwtY29udHJvbF81NjQyNzYtMTU5MC5qcGciLCJzbGlkZXNob3ciOiIwYTBlMmViIn0%3D\">\n\t\t\t\t\t<div class=\"e-gallery-image elementor-gallery-item__image\" data-thumbnail=\"https:\/\/imw-mont.com\/wp-content\/uploads\/2023\/05\/cnc-laser-cutting-metal-modern-industrial-technology-laser-cutting-works-by-directing-output-high-power-laser-through-optics-laser-optics-cnc-computer-numerical-control_564276-1590-300x200.jpg\" data-width=\"300\" data-height=\"200\" aria-label=\"\" role=\"img\" ><\/div>\n\t\t\t\t\t\t\t\t\t\t\t<div class=\"elementor-gallery-item__overlay\"><\/div>\n\t\t\t\t\t\t\t\t\t\t\t\t\t\t<\/a>\n\t\t\t\t\t\t\t<a class=\"e-gallery-item elementor-gallery-item elementor-animated-content\" href=\"https:\/\/imw-mont.com\/wp-content\/uploads\/2023\/05\/ASGCO-CNC-Laser-Cutting-scaled.jpg\" data-elementor-open-lightbox=\"yes\" data-elementor-lightbox-slideshow=\"0a0e2eb\" data-elementor-lightbox-title=\"ASGCO-CNC-Laser-Cutting\" data-e-action-hash=\"#elementor-action%3Aaction%3Dlightbox%26settings%3DeyJpZCI6MTM5OCwidXJsIjoiaHR0cHM6XC9cL2ltdy1tb250LmNvbVwvd3AtY29udGVudFwvdXBsb2Fkc1wvMjAyM1wvMDVcL0FTR0NPLUNOQy1MYXNlci1DdXR0aW5nLXNjYWxlZC5qcGciLCJzbGlkZXNob3ciOiIwYTBlMmViIn0%3D\">\n\t\t\t\t\t<div class=\"e-gallery-image elementor-gallery-item__image\" data-thumbnail=\"https:\/\/imw-mont.com\/wp-content\/uploads\/2023\/05\/ASGCO-CNC-Laser-Cutting-300x106.jpg\" data-width=\"300\" data-height=\"106\" aria-label=\"\" role=\"img\" ><\/div>\n\t\t\t\t\t\t\t\t\t\t\t<div class=\"elementor-gallery-item__overlay\"><\/div>\n\t\t\t\t\t\t\t\t\t\t\t\t\t\t<\/a>\n\t\t\t\t\t<\/div>\n\t\t\t\t\t<\/div>\n\t\t\t\t<\/div>\n\t\t\t\t\t<\/div>\n\t\t<\/div>\n\t\t\t\t\t<\/div>\n\t\t<\/section>\n\t\t\t\t<\/div>","protected":false},"excerpt":{"rendered":"<p>CNC Laser CNC Laser Kompanija IMW nudu usluzno i precizno secenje\u00a0 do 30 mm Fiber laser tehnologija predstavalja najbr\u017ei i najjeftiniji na\u010din za se\u010denje i obradu metala. Laserski zrak prolazi kroz lim ostavljaju\u0107i za sobom idealno pripljemljeni ise\u010dak. Brzine se\u010denja lima sa CNC fiber laser tehnologijom su neuporedivo ve\u0107e u pore\u0111enju sa bilo kojom drugom [&hellip;]<\/p>\n","protected":false},"author":1,"featured_media":0,"parent":245,"menu_order":0,"comment_status":"closed","ping_status":"closed","template":"elementor_header_footer","meta":{"footnotes":""},"class_list":["post-1394","page","type-page","status-publish","hentry"],"yoast_head":"<!-- This site is optimized with the Yoast SEO plugin v27.4 - https:\/\/yoast.com\/product\/yoast-seo-wordpress\/ -->\n<title>CNC Laser - MW Montage Engineering<\/title>\n<meta name=\"robots\" content=\"index, follow, max-snippet:-1, max-image-preview:large, max-video-preview:-1\" \/>\n<link rel=\"canonical\" href=\"https:\/\/imw-mont.com\/en\/usluge\/cnc-laser\/\" \/>\n<meta property=\"og:locale\" content=\"en_GB\" \/>\n<meta property=\"og:type\" content=\"article\" \/>\n<meta property=\"og:title\" content=\"CNC Laser - MW Montage Engineering\" \/>\n<meta property=\"og:description\" content=\"CNC Laser CNC Laser Kompanija IMW nudu usluzno i precizno secenje\u00a0 do 30 mm Fiber laser tehnologija predstavalja najbr\u017ei i najjeftiniji na\u010din za se\u010denje i obradu metala. Laserski zrak prolazi kroz lim ostavljaju\u0107i za sobom idealno pripljemljeni ise\u010dak. Brzine se\u010denja lima sa CNC fiber laser tehnologijom su neuporedivo ve\u0107e u pore\u0111enju sa bilo kojom drugom [&hellip;]\" \/>\n<meta property=\"og:url\" content=\"https:\/\/imw-mont.com\/en\/usluge\/cnc-laser\/\" \/>\n<meta property=\"og:site_name\" content=\"MW Montage Engineering\" \/>\n<meta property=\"article:modified_time\" content=\"2023-05-12T18:49:09+00:00\" \/>\n<meta name=\"twitter:card\" content=\"summary_large_image\" \/>\n<meta name=\"twitter:label1\" content=\"Estimated reading time\" \/>\n\t<meta name=\"twitter:data1\" content=\"1 minute\" \/>\n<script type=\"application\/ld+json\" class=\"yoast-schema-graph\">{\"@context\":\"https:\\\/\\\/schema.org\",\"@graph\":[{\"@type\":\"WebPage\",\"@id\":\"https:\\\/\\\/imw-mont.com\\\/usluge\\\/cnc-laser\\\/\",\"url\":\"https:\\\/\\\/imw-mont.com\\\/usluge\\\/cnc-laser\\\/\",\"name\":\"CNC Laser - MW Montage Engineering\",\"isPartOf\":{\"@id\":\"https:\\\/\\\/imw-mont.com\\\/#website\"},\"datePublished\":\"2023-05-12T18:47:39+00:00\",\"dateModified\":\"2023-05-12T18:49:09+00:00\",\"breadcrumb\":{\"@id\":\"https:\\\/\\\/imw-mont.com\\\/usluge\\\/cnc-laser\\\/#breadcrumb\"},\"inLanguage\":\"en-GB\",\"potentialAction\":[{\"@type\":\"ReadAction\",\"target\":[\"https:\\\/\\\/imw-mont.com\\\/usluge\\\/cnc-laser\\\/\"]}]},{\"@type\":\"BreadcrumbList\",\"@id\":\"https:\\\/\\\/imw-mont.com\\\/usluge\\\/cnc-laser\\\/#breadcrumb\",\"itemListElement\":[{\"@type\":\"ListItem\",\"position\":1,\"name\":\"Home\",\"item\":\"https:\\\/\\\/imw-mont.com\\\/\"},{\"@type\":\"ListItem\",\"position\":2,\"name\":\"Usluge\",\"item\":\"https:\\\/\\\/imw-mont.com\\\/usluge\\\/\"},{\"@type\":\"ListItem\",\"position\":3,\"name\":\"CNC Laser\"}]},{\"@type\":\"WebSite\",\"@id\":\"https:\\\/\\\/imw-mont.com\\\/#website\",\"url\":\"https:\\\/\\\/imw-mont.com\\\/\",\"name\":\"IMW montage Engineering\",\"description\":\"Izrada metalnih konstrukcija, monta\u017ea sendvi\u010d panela, odr\u017eavanje i monta\u017ea proizvodnih pogona, usluga zavarivanja\",\"publisher\":{\"@id\":\"https:\\\/\\\/imw-mont.com\\\/#organization\"},\"potentialAction\":[{\"@type\":\"SearchAction\",\"target\":{\"@type\":\"EntryPoint\",\"urlTemplate\":\"https:\\\/\\\/imw-mont.com\\\/?s={search_term_string}\"},\"query-input\":{\"@type\":\"PropertyValueSpecification\",\"valueRequired\":true,\"valueName\":\"search_term_string\"}}],\"inLanguage\":\"en-GB\"},{\"@type\":\"Organization\",\"@id\":\"https:\\\/\\\/imw-mont.com\\\/#organization\",\"name\":\"IMW montage Engineering\",\"url\":\"https:\\\/\\\/imw-mont.com\\\/\",\"logo\":{\"@type\":\"ImageObject\",\"inLanguage\":\"en-GB\",\"@id\":\"https:\\\/\\\/imw-mont.com\\\/#\\\/schema\\\/logo\\\/image\\\/\",\"url\":\"https:\\\/\\\/imw-mont.com\\\/wp-content\\\/uploads\\\/2023\\\/05\\\/Logo-za-kontakt.png\",\"contentUrl\":\"https:\\\/\\\/imw-mont.com\\\/wp-content\\\/uploads\\\/2023\\\/05\\\/Logo-za-kontakt.png\",\"width\":792,\"height\":222,\"caption\":\"IMW montage Engineering\"},\"image\":{\"@id\":\"https:\\\/\\\/imw-mont.com\\\/#\\\/schema\\\/logo\\\/image\\\/\"}}]}<\/script>\n<!-- \/ Yoast SEO plugin. -->","yoast_head_json":{"title":"CNC Laser - MW Montage Engineering","robots":{"index":"index","follow":"follow","max-snippet":"max-snippet:-1","max-image-preview":"max-image-preview:large","max-video-preview":"max-video-preview:-1"},"canonical":"https:\/\/imw-mont.com\/en\/usluge\/cnc-laser\/","og_locale":"en_GB","og_type":"article","og_title":"CNC Laser - MW Montage Engineering","og_description":"CNC Laser CNC Laser Kompanija IMW nudu usluzno i precizno secenje\u00a0 do 30 mm Fiber laser tehnologija predstavalja najbr\u017ei i najjeftiniji na\u010din za se\u010denje i obradu metala. Laserski zrak prolazi kroz lim ostavljaju\u0107i za sobom idealno pripljemljeni ise\u010dak. Brzine se\u010denja lima sa CNC fiber laser tehnologijom su neuporedivo ve\u0107e u pore\u0111enju sa bilo kojom drugom [&hellip;]","og_url":"https:\/\/imw-mont.com\/en\/usluge\/cnc-laser\/","og_site_name":"MW Montage Engineering","article_modified_time":"2023-05-12T18:49:09+00:00","twitter_card":"summary_large_image","twitter_misc":{"Estimated reading time":"1 minute"},"schema":{"@context":"https:\/\/schema.org","@graph":[{"@type":"WebPage","@id":"https:\/\/imw-mont.com\/usluge\/cnc-laser\/","url":"https:\/\/imw-mont.com\/usluge\/cnc-laser\/","name":"CNC Laser - MW Montage Engineering","isPartOf":{"@id":"https:\/\/imw-mont.com\/#website"},"datePublished":"2023-05-12T18:47:39+00:00","dateModified":"2023-05-12T18:49:09+00:00","breadcrumb":{"@id":"https:\/\/imw-mont.com\/usluge\/cnc-laser\/#breadcrumb"},"inLanguage":"en-GB","potentialAction":[{"@type":"ReadAction","target":["https:\/\/imw-mont.com\/usluge\/cnc-laser\/"]}]},{"@type":"BreadcrumbList","@id":"https:\/\/imw-mont.com\/usluge\/cnc-laser\/#breadcrumb","itemListElement":[{"@type":"ListItem","position":1,"name":"Home","item":"https:\/\/imw-mont.com\/"},{"@type":"ListItem","position":2,"name":"Usluge","item":"https:\/\/imw-mont.com\/usluge\/"},{"@type":"ListItem","position":3,"name":"CNC Laser"}]},{"@type":"WebSite","@id":"https:\/\/imw-mont.com\/#website","url":"https:\/\/imw-mont.com\/","name":"IMW montage Engineering","description":"Izrada metalnih konstrukcija, monta\u017ea sendvi\u010d panela, odr\u017eavanje i monta\u017ea proizvodnih pogona, usluga zavarivanja","publisher":{"@id":"https:\/\/imw-mont.com\/#organization"},"potentialAction":[{"@type":"SearchAction","target":{"@type":"EntryPoint","urlTemplate":"https:\/\/imw-mont.com\/?s={search_term_string}"},"query-input":{"@type":"PropertyValueSpecification","valueRequired":true,"valueName":"search_term_string"}}],"inLanguage":"en-GB"},{"@type":"Organization","@id":"https:\/\/imw-mont.com\/#organization","name":"IMW montage Engineering","url":"https:\/\/imw-mont.com\/","logo":{"@type":"ImageObject","inLanguage":"en-GB","@id":"https:\/\/imw-mont.com\/#\/schema\/logo\/image\/","url":"https:\/\/imw-mont.com\/wp-content\/uploads\/2023\/05\/Logo-za-kontakt.png","contentUrl":"https:\/\/imw-mont.com\/wp-content\/uploads\/2023\/05\/Logo-za-kontakt.png","width":792,"height":222,"caption":"IMW montage Engineering"},"image":{"@id":"https:\/\/imw-mont.com\/#\/schema\/logo\/image\/"}}]}},"_links":{"self":[{"href":"https:\/\/imw-mont.com\/en\/wp-json\/wp\/v2\/pages\/1394","targetHints":{"allow":["GET"]}}],"collection":[{"href":"https:\/\/imw-mont.com\/en\/wp-json\/wp\/v2\/pages"}],"about":[{"href":"https:\/\/imw-mont.com\/en\/wp-json\/wp\/v2\/types\/page"}],"author":[{"embeddable":true,"href":"https:\/\/imw-mont.com\/en\/wp-json\/wp\/v2\/users\/1"}],"replies":[{"embeddable":true,"href":"https:\/\/imw-mont.com\/en\/wp-json\/wp\/v2\/comments?post=1394"}],"version-history":[{"count":4,"href":"https:\/\/imw-mont.com\/en\/wp-json\/wp\/v2\/pages\/1394\/revisions"}],"predecessor-version":[{"id":1402,"href":"https:\/\/imw-mont.com\/en\/wp-json\/wp\/v2\/pages\/1394\/revisions\/1402"}],"up":[{"embeddable":true,"href":"https:\/\/imw-mont.com\/en\/wp-json\/wp\/v2\/pages\/245"}],"wp:attachment":[{"href":"https:\/\/imw-mont.com\/en\/wp-json\/wp\/v2\/media?parent=1394"}],"curies":[{"name":"wp","href":"https:\/\/api.w.org\/{rel}","templated":true}]}}