{"id":1381,"date":"2023-05-12T18:43:34","date_gmt":"2023-05-12T18:43:34","guid":{"rendered":"https:\/\/imw-mont.com\/?page_id=1381"},"modified":"2023-05-12T18:45:52","modified_gmt":"2023-05-12T18:45:52","slug":"zavarivanje","status":"publish","type":"page","link":"https:\/\/imw-mont.com\/en\/usluge\/zavarivanje\/","title":{"rendered":"Welding"},"content":{"rendered":"<div data-elementor-type=\"wp-page\" data-elementor-id=\"1381\" class=\"elementor elementor-1381\" data-elementor-post-type=\"page\">\n\t\t\t\t\t\t<section class=\"elementor-section elementor-top-section elementor-element elementor-element-5ee68400 elementor-section-full_width elementor-section-height-default elementor-section-height-default\" data-id=\"5ee68400\" data-element_type=\"section\" data-e-type=\"section\" data-settings=\"{&quot;background_background&quot;:&quot;classic&quot;}\">\n\t\t\t\t\t\t\t<div class=\"elementor-background-overlay\"><\/div>\n\t\t\t\t\t\t\t<div class=\"elementor-container elementor-column-gap-default\">\n\t\t\t\t\t<div class=\"elementor-column elementor-col-50 elementor-top-column elementor-element elementor-element-599a661d\" data-id=\"599a661d\" data-element_type=\"column\" data-e-type=\"column\">\n\t\t\t<div class=\"elementor-widget-wrap elementor-element-populated\">\n\t\t\t\t\t\t<section class=\"elementor-section elementor-inner-section elementor-element elementor-element-696ddd17 elementor-section-boxed elementor-section-height-default elementor-section-height-default\" data-id=\"696ddd17\" data-element_type=\"section\" data-e-type=\"section\">\n\t\t\t\t\t\t<div class=\"elementor-container elementor-column-gap-default\">\n\t\t\t\t\t<div class=\"elementor-column elementor-col-100 elementor-inner-column elementor-element elementor-element-20c29dcd\" data-id=\"20c29dcd\" data-element_type=\"column\" data-e-type=\"column\">\n\t\t\t<div class=\"elementor-widget-wrap elementor-element-populated\">\n\t\t\t\t\t\t<div class=\"elementor-element elementor-element-5ba388be elementor-widget elementor-widget-elementskit-heading\" data-id=\"5ba388be\" data-element_type=\"widget\" data-e-type=\"widget\" data-widget_type=\"elementskit-heading.default\">\n\t\t\t\t<div class=\"elementor-widget-container\">\n\t\t\t\t\t<div class=\"ekit-wid-con\" ><div class=\"ekit-heading elementskit-section-title-wraper text_left   ekit_heading_tablet-   ekit_heading_mobile-\"><h2 class=\"ekit-heading--title elementskit-section-title\">Welding<\/h2><\/div><\/div>\t\t\t\t<\/div>\n\t\t\t\t<\/div>\n\t\t\t\t<div class=\"elementor-element elementor-element-5f8d612f elementor-widget-divider--view-line elementor-widget elementor-widget-divider\" data-id=\"5f8d612f\" data-element_type=\"widget\" data-e-type=\"widget\" data-widget_type=\"divider.default\">\n\t\t\t\t<div class=\"elementor-widget-container\">\n\t\t\t\t\t\t\t<div class=\"elementor-divider\">\n\t\t\t<span class=\"elementor-divider-separator\">\n\t\t\t\t\t\t<\/span>\n\t\t<\/div>\n\t\t\t\t\t\t<\/div>\n\t\t\t\t<\/div>\n\t\t\t\t\t<\/div>\n\t\t<\/div>\n\t\t\t\t\t<\/div>\n\t\t<\/section>\n\t\t\t\t\t<\/div>\n\t\t<\/div>\n\t\t\t\t<div class=\"elementor-column elementor-col-50 elementor-top-column elementor-element elementor-element-c6bbeb8 elementor-hidden-tablet elementor-hidden-mobile\" data-id=\"c6bbeb8\" data-element_type=\"column\" data-e-type=\"column\">\n\t\t\t<div class=\"elementor-widget-wrap\">\n\t\t\t\t\t\t\t<\/div>\n\t\t<\/div>\n\t\t\t\t\t<\/div>\n\t\t<\/section>\n\t\t\t\t<section class=\"elementor-section elementor-top-section elementor-element elementor-element-3b2b17b3 elementor-section-boxed elementor-section-height-default elementor-section-height-default\" data-id=\"3b2b17b3\" data-element_type=\"section\" data-e-type=\"section\">\n\t\t\t\t\t\t<div class=\"elementor-container elementor-column-gap-default\">\n\t\t\t\t\t<div class=\"elementor-column elementor-col-100 elementor-top-column elementor-element elementor-element-40a1ff2b\" data-id=\"40a1ff2b\" data-element_type=\"column\" data-e-type=\"column\">\n\t\t\t<div class=\"elementor-widget-wrap elementor-element-populated\">\n\t\t\t\t\t\t<section class=\"elementor-section elementor-inner-section elementor-element elementor-element-41cb33e7 elementor-section-boxed elementor-section-height-default elementor-section-height-default\" data-id=\"41cb33e7\" data-element_type=\"section\" data-e-type=\"section\">\n\t\t\t\t\t\t<div class=\"elementor-container elementor-column-gap-no\">\n\t\t\t\t\t<div class=\"elementor-column elementor-col-100 elementor-inner-column elementor-element elementor-element-30ba11a5\" data-id=\"30ba11a5\" data-element_type=\"column\" data-e-type=\"column\">\n\t\t\t<div class=\"elementor-widget-wrap elementor-element-populated\">\n\t\t\t\t\t\t<div class=\"elementor-element elementor-element-1e719184 elementor-widget elementor-widget-heading\" data-id=\"1e719184\" data-element_type=\"widget\" data-e-type=\"widget\" data-widget_type=\"heading.default\">\n\t\t\t\t<div class=\"elementor-widget-container\">\n\t\t\t\t\t<h2 class=\"elementor-heading-title elementor-size-default\">Welding<\/h2>\t\t\t\t<\/div>\n\t\t\t\t<\/div>\n\t\t\t\t<div class=\"elementor-element elementor-element-7b791536 elementor-widget elementor-widget-text-editor\" data-id=\"7b791536\" data-element_type=\"widget\" data-e-type=\"widget\" data-widget_type=\"text-editor.default\">\n\t\t\t\t<div class=\"elementor-widget-container\">\n\t\t\t\t\t\t\t\t\t<p>Welding is the process of making an inseparable joint by establishing interatomic bonds between the parts to be welded, during which thermal and mechanical energy is used individually or in combination, and if necessary, additional material.\" Welding is a very important technological process in many branches of modern industry, especially in mechanical engineering. , construction, process industry, automotive industry, shipbuilding,... Our company IMW provides the best quality services in the field of welding\u00a0<\/p>\t\t\t\t\t\t\t\t<\/div>\n\t\t\t\t<\/div>\n\t\t\t\t\t<\/div>\n\t\t<\/div>\n\t\t\t\t\t<\/div>\n\t\t<\/section>\n\t\t\t\t\t<\/div>\n\t\t<\/div>\n\t\t\t\t\t<\/div>\n\t\t<\/section>\n\t\t\t\t<section class=\"elementor-section elementor-top-section elementor-element elementor-element-dcaee01 elementor-section-boxed elementor-section-height-default elementor-section-height-default\" data-id=\"dcaee01\" data-element_type=\"section\" data-e-type=\"section\">\n\t\t\t\t\t\t<div class=\"elementor-container elementor-column-gap-default\">\n\t\t\t\t\t<div class=\"elementor-column elementor-col-100 elementor-top-column elementor-element elementor-element-325b500\" data-id=\"325b500\" data-element_type=\"column\" data-e-type=\"column\">\n\t\t\t<div class=\"elementor-widget-wrap elementor-element-populated\">\n\t\t\t\t\t\t<div class=\"elementor-element elementor-element-0a0e2eb elementor-widget elementor-widget-gallery\" data-id=\"0a0e2eb\" data-element_type=\"widget\" data-e-type=\"widget\" data-settings=\"{&quot;gallery_layout&quot;:&quot;justified&quot;,&quot;lazyload&quot;:&quot;yes&quot;,&quot;ideal_row_height&quot;:{&quot;unit&quot;:&quot;px&quot;,&quot;size&quot;:200,&quot;sizes&quot;:[]},&quot;ideal_row_height_tablet&quot;:{&quot;unit&quot;:&quot;px&quot;,&quot;size&quot;:150,&quot;sizes&quot;:[]},&quot;ideal_row_height_mobile&quot;:{&quot;unit&quot;:&quot;px&quot;,&quot;size&quot;:150,&quot;sizes&quot;:[]},&quot;gap&quot;:{&quot;unit&quot;:&quot;px&quot;,&quot;size&quot;:10,&quot;sizes&quot;:[]},&quot;gap_tablet&quot;:{&quot;unit&quot;:&quot;px&quot;,&quot;size&quot;:10,&quot;sizes&quot;:[]},&quot;gap_mobile&quot;:{&quot;unit&quot;:&quot;px&quot;,&quot;size&quot;:10,&quot;sizes&quot;:[]},&quot;link_to&quot;:&quot;file&quot;,&quot;overlay_background&quot;:&quot;yes&quot;,&quot;content_hover_animation&quot;:&quot;fade-in&quot;}\" data-widget_type=\"gallery.default\">\n\t\t\t\t<div class=\"elementor-widget-container\">\n\t\t\t\t\t\t\t<div class=\"elementor-gallery__container\">\n\t\t\t\t\t\t\t<a class=\"e-gallery-item elementor-gallery-item elementor-animated-content\" href=\"https:\/\/imw-mont.com\/wp-content\/uploads\/2023\/05\/zavarivanje_blog.jpg\" data-elementor-open-lightbox=\"yes\" data-elementor-lightbox-slideshow=\"0a0e2eb\" data-elementor-lightbox-title=\"zavarivanje_blog\" data-e-action-hash=\"#elementor-action%3Aaction%3Dlightbox%26settings%3DeyJpZCI6MTM4NCwidXJsIjoiaHR0cHM6XC9cL2ltdy1tb250LmNvbVwvd3AtY29udGVudFwvdXBsb2Fkc1wvMjAyM1wvMDVcL3phdmFyaXZhbmplX2Jsb2cuanBnIiwic2xpZGVzaG93IjoiMGEwZTJlYiJ9\">\n\t\t\t\t\t<div class=\"e-gallery-image elementor-gallery-item__image\" data-thumbnail=\"https:\/\/imw-mont.com\/wp-content\/uploads\/2023\/05\/zavarivanje_blog-300x300.jpg\" data-width=\"300\" data-height=\"300\" aria-label=\"\" role=\"img\" ><\/div>\n\t\t\t\t\t\t\t\t\t\t\t<div class=\"elementor-gallery-item__overlay\"><\/div>\n\t\t\t\t\t\t\t\t\t\t\t\t\t\t<\/a>\n\t\t\t\t\t\t\t<a class=\"e-gallery-item elementor-gallery-item elementor-animated-content\" href=\"https:\/\/imw-mont.com\/wp-content\/uploads\/2023\/05\/zavarivanje-licna-zastitna-oprema-albo.jpg\" data-elementor-open-lightbox=\"yes\" data-elementor-lightbox-slideshow=\"0a0e2eb\" data-elementor-lightbox-title=\"zavarivanje-li\u010dna-za\u0161titna-oprema-albo\" data-e-action-hash=\"#elementor-action%3Aaction%3Dlightbox%26settings%3DeyJpZCI6MTM4NSwidXJsIjoiaHR0cHM6XC9cL2ltdy1tb250LmNvbVwvd3AtY29udGVudFwvdXBsb2Fkc1wvMjAyM1wvMDVcL3phdmFyaXZhbmplLWxpY25hLXphc3RpdG5hLW9wcmVtYS1hbGJvLmpwZyIsInNsaWRlc2hvdyI6IjBhMGUyZWIifQ%3D%3D\">\n\t\t\t\t\t<div class=\"e-gallery-image elementor-gallery-item__image\" data-thumbnail=\"https:\/\/imw-mont.com\/wp-content\/uploads\/2023\/05\/zavarivanje-licna-zastitna-oprema-albo-300x300.jpg\" data-width=\"300\" data-height=\"300\" aria-label=\"\" role=\"img\" ><\/div>\n\t\t\t\t\t\t\t\t\t\t\t<div class=\"elementor-gallery-item__overlay\"><\/div>\n\t\t\t\t\t\t\t\t\t\t\t\t\t\t<\/a>\n\t\t\t\t\t\t\t<a class=\"e-gallery-item elementor-gallery-item elementor-animated-content\" href=\"https:\/\/imw-mont.com\/wp-content\/uploads\/2023\/05\/tig-welding.jpg\" data-elementor-open-lightbox=\"yes\" data-elementor-lightbox-slideshow=\"0a0e2eb\" data-elementor-lightbox-title=\"tig-welding\" data-e-action-hash=\"#elementor-action%3Aaction%3Dlightbox%26settings%3DeyJpZCI6MTM4MywidXJsIjoiaHR0cHM6XC9cL2ltdy1tb250LmNvbVwvd3AtY29udGVudFwvdXBsb2Fkc1wvMjAyM1wvMDVcL3RpZy13ZWxkaW5nLmpwZyIsInNsaWRlc2hvdyI6IjBhMGUyZWIifQ%3D%3D\">\n\t\t\t\t\t<div class=\"e-gallery-image elementor-gallery-item__image\" data-thumbnail=\"https:\/\/imw-mont.com\/wp-content\/uploads\/2023\/05\/tig-welding-300x300.jpg\" data-width=\"300\" data-height=\"300\" aria-label=\"\" role=\"img\" ><\/div>\n\t\t\t\t\t\t\t\t\t\t\t<div class=\"elementor-gallery-item__overlay\"><\/div>\n\t\t\t\t\t\t\t\t\t\t\t\t\t\t<\/a>\n\t\t\t\t\t<\/div>\n\t\t\t\t\t<\/div>\n\t\t\t\t<\/div>\n\t\t\t\t\t<\/div>\n\t\t<\/div>\n\t\t\t\t\t<\/div>\n\t\t<\/section>\n\t\t\t\t<\/div>","protected":false},"excerpt":{"rendered":"<p>Zavarivanje Zavarivanje Zavarivanje je proces izrade nerazdvojivog spoja uspostavljanjem me\u0111uatomskih veza izme\u0111u delova koji se zavaruju, pri kome se pojedina\u010dno ili kombinovano koristi toplotna i mehani\u010dka energija, a po potrebi i dodatni materijal.\u201c Zavarivanje je veoma bitan tehnolo\u0161ki proces u mnogim granama savremene industrije, posebno u ma\u0161inogradnji, gra\u0111evinarstvu procesnoj industriji, automobilskoj industriji, brodogradnji,\u2026 Nasa kompanija [&hellip;]<\/p>\n","protected":false},"author":1,"featured_media":0,"parent":245,"menu_order":0,"comment_status":"closed","ping_status":"closed","template":"elementor_header_footer","meta":{"footnotes":""},"class_list":["post-1381","page","type-page","status-publish","hentry"],"yoast_head":"<!-- This site is optimized with the Yoast SEO plugin v27.4 - https:\/\/yoast.com\/product\/yoast-seo-wordpress\/ -->\n<title>Zavarivanje - MW Montage Engineering<\/title>\n<meta name=\"robots\" content=\"index, follow, max-snippet:-1, max-image-preview:large, max-video-preview:-1\" \/>\n<link rel=\"canonical\" href=\"https:\/\/imw-mont.com\/en\/usluge\/zavarivanje\/\" \/>\n<meta property=\"og:locale\" content=\"en_GB\" \/>\n<meta property=\"og:type\" content=\"article\" \/>\n<meta property=\"og:title\" content=\"Zavarivanje - MW Montage Engineering\" \/>\n<meta property=\"og:description\" content=\"Zavarivanje Zavarivanje Zavarivanje je proces izrade nerazdvojivog spoja uspostavljanjem me\u0111uatomskih veza izme\u0111u delova koji se zavaruju, pri kome se pojedina\u010dno ili kombinovano koristi toplotna i mehani\u010dka energija, a po potrebi i dodatni materijal.\u201c Zavarivanje je veoma bitan tehnolo\u0161ki proces u mnogim granama savremene industrije, posebno u ma\u0161inogradnji, gra\u0111evinarstvu procesnoj industriji, automobilskoj industriji, brodogradnji,\u2026 Nasa kompanija [&hellip;]\" \/>\n<meta property=\"og:url\" content=\"https:\/\/imw-mont.com\/en\/usluge\/zavarivanje\/\" \/>\n<meta property=\"og:site_name\" content=\"MW Montage Engineering\" \/>\n<meta property=\"article:modified_time\" content=\"2023-05-12T18:45:52+00:00\" \/>\n<meta name=\"twitter:card\" content=\"summary_large_image\" \/>\n<meta name=\"twitter:label1\" content=\"Estimated reading time\" \/>\n\t<meta name=\"twitter:data1\" content=\"1 minute\" \/>\n<script type=\"application\/ld+json\" class=\"yoast-schema-graph\">{\"@context\":\"https:\\\/\\\/schema.org\",\"@graph\":[{\"@type\":\"WebPage\",\"@id\":\"https:\\\/\\\/imw-mont.com\\\/usluge\\\/zavarivanje\\\/\",\"url\":\"https:\\\/\\\/imw-mont.com\\\/usluge\\\/zavarivanje\\\/\",\"name\":\"Zavarivanje - MW Montage Engineering\",\"isPartOf\":{\"@id\":\"https:\\\/\\\/imw-mont.com\\\/#website\"},\"datePublished\":\"2023-05-12T18:43:34+00:00\",\"dateModified\":\"2023-05-12T18:45:52+00:00\",\"breadcrumb\":{\"@id\":\"https:\\\/\\\/imw-mont.com\\\/usluge\\\/zavarivanje\\\/#breadcrumb\"},\"inLanguage\":\"en-GB\",\"potentialAction\":[{\"@type\":\"ReadAction\",\"target\":[\"https:\\\/\\\/imw-mont.com\\\/usluge\\\/zavarivanje\\\/\"]}]},{\"@type\":\"BreadcrumbList\",\"@id\":\"https:\\\/\\\/imw-mont.com\\\/usluge\\\/zavarivanje\\\/#breadcrumb\",\"itemListElement\":[{\"@type\":\"ListItem\",\"position\":1,\"name\":\"Home\",\"item\":\"https:\\\/\\\/imw-mont.com\\\/\"},{\"@type\":\"ListItem\",\"position\":2,\"name\":\"Usluge\",\"item\":\"https:\\\/\\\/imw-mont.com\\\/usluge\\\/\"},{\"@type\":\"ListItem\",\"position\":3,\"name\":\"Zavarivanje\"}]},{\"@type\":\"WebSite\",\"@id\":\"https:\\\/\\\/imw-mont.com\\\/#website\",\"url\":\"https:\\\/\\\/imw-mont.com\\\/\",\"name\":\"IMW montage Engineering\",\"description\":\"Izrada metalnih konstrukcija, monta\u017ea sendvi\u010d panela, odr\u017eavanje i monta\u017ea proizvodnih pogona, usluga zavarivanja\",\"publisher\":{\"@id\":\"https:\\\/\\\/imw-mont.com\\\/#organization\"},\"potentialAction\":[{\"@type\":\"SearchAction\",\"target\":{\"@type\":\"EntryPoint\",\"urlTemplate\":\"https:\\\/\\\/imw-mont.com\\\/?s={search_term_string}\"},\"query-input\":{\"@type\":\"PropertyValueSpecification\",\"valueRequired\":true,\"valueName\":\"search_term_string\"}}],\"inLanguage\":\"en-GB\"},{\"@type\":\"Organization\",\"@id\":\"https:\\\/\\\/imw-mont.com\\\/#organization\",\"name\":\"IMW montage Engineering\",\"url\":\"https:\\\/\\\/imw-mont.com\\\/\",\"logo\":{\"@type\":\"ImageObject\",\"inLanguage\":\"en-GB\",\"@id\":\"https:\\\/\\\/imw-mont.com\\\/#\\\/schema\\\/logo\\\/image\\\/\",\"url\":\"https:\\\/\\\/imw-mont.com\\\/wp-content\\\/uploads\\\/2023\\\/05\\\/Logo-za-kontakt.png\",\"contentUrl\":\"https:\\\/\\\/imw-mont.com\\\/wp-content\\\/uploads\\\/2023\\\/05\\\/Logo-za-kontakt.png\",\"width\":792,\"height\":222,\"caption\":\"IMW montage Engineering\"},\"image\":{\"@id\":\"https:\\\/\\\/imw-mont.com\\\/#\\\/schema\\\/logo\\\/image\\\/\"}}]}<\/script>\n<!-- \/ Yoast SEO plugin. -->","yoast_head_json":{"title":"Zavarivanje - MW Montage Engineering","robots":{"index":"index","follow":"follow","max-snippet":"max-snippet:-1","max-image-preview":"max-image-preview:large","max-video-preview":"max-video-preview:-1"},"canonical":"https:\/\/imw-mont.com\/en\/usluge\/zavarivanje\/","og_locale":"en_GB","og_type":"article","og_title":"Zavarivanje - MW Montage Engineering","og_description":"Zavarivanje Zavarivanje Zavarivanje je proces izrade nerazdvojivog spoja uspostavljanjem me\u0111uatomskih veza izme\u0111u delova koji se zavaruju, pri kome se pojedina\u010dno ili kombinovano koristi toplotna i mehani\u010dka energija, a po potrebi i dodatni materijal.\u201c Zavarivanje je veoma bitan tehnolo\u0161ki proces u mnogim granama savremene industrije, posebno u ma\u0161inogradnji, gra\u0111evinarstvu procesnoj industriji, automobilskoj industriji, brodogradnji,\u2026 Nasa kompanija [&hellip;]","og_url":"https:\/\/imw-mont.com\/en\/usluge\/zavarivanje\/","og_site_name":"MW Montage Engineering","article_modified_time":"2023-05-12T18:45:52+00:00","twitter_card":"summary_large_image","twitter_misc":{"Estimated reading time":"1 minute"},"schema":{"@context":"https:\/\/schema.org","@graph":[{"@type":"WebPage","@id":"https:\/\/imw-mont.com\/usluge\/zavarivanje\/","url":"https:\/\/imw-mont.com\/usluge\/zavarivanje\/","name":"Zavarivanje - MW Montage Engineering","isPartOf":{"@id":"https:\/\/imw-mont.com\/#website"},"datePublished":"2023-05-12T18:43:34+00:00","dateModified":"2023-05-12T18:45:52+00:00","breadcrumb":{"@id":"https:\/\/imw-mont.com\/usluge\/zavarivanje\/#breadcrumb"},"inLanguage":"en-GB","potentialAction":[{"@type":"ReadAction","target":["https:\/\/imw-mont.com\/usluge\/zavarivanje\/"]}]},{"@type":"BreadcrumbList","@id":"https:\/\/imw-mont.com\/usluge\/zavarivanje\/#breadcrumb","itemListElement":[{"@type":"ListItem","position":1,"name":"Home","item":"https:\/\/imw-mont.com\/"},{"@type":"ListItem","position":2,"name":"Usluge","item":"https:\/\/imw-mont.com\/usluge\/"},{"@type":"ListItem","position":3,"name":"Zavarivanje"}]},{"@type":"WebSite","@id":"https:\/\/imw-mont.com\/#website","url":"https:\/\/imw-mont.com\/","name":"IMW montage Engineering","description":"Izrada metalnih konstrukcija, monta\u017ea sendvi\u010d panela, odr\u017eavanje i monta\u017ea proizvodnih pogona, usluga zavarivanja","publisher":{"@id":"https:\/\/imw-mont.com\/#organization"},"potentialAction":[{"@type":"SearchAction","target":{"@type":"EntryPoint","urlTemplate":"https:\/\/imw-mont.com\/?s={search_term_string}"},"query-input":{"@type":"PropertyValueSpecification","valueRequired":true,"valueName":"search_term_string"}}],"inLanguage":"en-GB"},{"@type":"Organization","@id":"https:\/\/imw-mont.com\/#organization","name":"IMW montage Engineering","url":"https:\/\/imw-mont.com\/","logo":{"@type":"ImageObject","inLanguage":"en-GB","@id":"https:\/\/imw-mont.com\/#\/schema\/logo\/image\/","url":"https:\/\/imw-mont.com\/wp-content\/uploads\/2023\/05\/Logo-za-kontakt.png","contentUrl":"https:\/\/imw-mont.com\/wp-content\/uploads\/2023\/05\/Logo-za-kontakt.png","width":792,"height":222,"caption":"IMW montage Engineering"},"image":{"@id":"https:\/\/imw-mont.com\/#\/schema\/logo\/image\/"}}]}},"_links":{"self":[{"href":"https:\/\/imw-mont.com\/en\/wp-json\/wp\/v2\/pages\/1381","targetHints":{"allow":["GET"]}}],"collection":[{"href":"https:\/\/imw-mont.com\/en\/wp-json\/wp\/v2\/pages"}],"about":[{"href":"https:\/\/imw-mont.com\/en\/wp-json\/wp\/v2\/types\/page"}],"author":[{"embeddable":true,"href":"https:\/\/imw-mont.com\/en\/wp-json\/wp\/v2\/users\/1"}],"replies":[{"embeddable":true,"href":"https:\/\/imw-mont.com\/en\/wp-json\/wp\/v2\/comments?post=1381"}],"version-history":[{"count":7,"href":"https:\/\/imw-mont.com\/en\/wp-json\/wp\/v2\/pages\/1381\/revisions"}],"predecessor-version":[{"id":1392,"href":"https:\/\/imw-mont.com\/en\/wp-json\/wp\/v2\/pages\/1381\/revisions\/1392"}],"up":[{"embeddable":true,"href":"https:\/\/imw-mont.com\/en\/wp-json\/wp\/v2\/pages\/245"}],"wp:attachment":[{"href":"https:\/\/imw-mont.com\/en\/wp-json\/wp\/v2\/media?parent=1381"}],"curies":[{"name":"wp","href":"https:\/\/api.w.org\/{rel}","templated":true}]}}