{"id":1335,"date":"2023-05-12T18:26:42","date_gmt":"2023-05-12T18:26:42","guid":{"rendered":"https:\/\/imw-mont.com\/?page_id=1335"},"modified":"2023-05-12T18:36:42","modified_gmt":"2023-05-12T18:36:42","slug":"industrijska-postrojenja","status":"publish","type":"page","link":"https:\/\/imw-mont.com\/en\/usluge\/industrijska-postrojenja\/","title":{"rendered":"Industrial plants"},"content":{"rendered":"<div data-elementor-type=\"wp-page\" data-elementor-id=\"1335\" class=\"elementor elementor-1335\" data-elementor-post-type=\"page\">\n\t\t\t\t\t\t<section class=\"elementor-section elementor-top-section elementor-element elementor-element-5ee68400 elementor-section-full_width elementor-section-height-default elementor-section-height-default\" data-id=\"5ee68400\" data-element_type=\"section\" data-e-type=\"section\" data-settings=\"{&quot;background_background&quot;:&quot;classic&quot;}\">\n\t\t\t\t\t\t\t<div class=\"elementor-background-overlay\"><\/div>\n\t\t\t\t\t\t\t<div class=\"elementor-container elementor-column-gap-default\">\n\t\t\t\t\t<div class=\"elementor-column elementor-col-50 elementor-top-column elementor-element elementor-element-599a661d\" data-id=\"599a661d\" data-element_type=\"column\" data-e-type=\"column\">\n\t\t\t<div class=\"elementor-widget-wrap elementor-element-populated\">\n\t\t\t\t\t\t<section class=\"elementor-section elementor-inner-section elementor-element elementor-element-696ddd17 elementor-section-boxed elementor-section-height-default elementor-section-height-default\" data-id=\"696ddd17\" data-element_type=\"section\" data-e-type=\"section\">\n\t\t\t\t\t\t<div class=\"elementor-container elementor-column-gap-default\">\n\t\t\t\t\t<div class=\"elementor-column elementor-col-100 elementor-inner-column elementor-element elementor-element-20c29dcd\" data-id=\"20c29dcd\" data-element_type=\"column\" data-e-type=\"column\">\n\t\t\t<div class=\"elementor-widget-wrap elementor-element-populated\">\n\t\t\t\t\t\t<div class=\"elementor-element elementor-element-5ba388be elementor-widget elementor-widget-elementskit-heading\" data-id=\"5ba388be\" data-element_type=\"widget\" data-e-type=\"widget\" data-widget_type=\"elementskit-heading.default\">\n\t\t\t\t<div class=\"elementor-widget-container\">\n\t\t\t\t\t<div class=\"ekit-wid-con\" ><div class=\"ekit-heading elementskit-section-title-wraper text_left   ekit_heading_tablet-   ekit_heading_mobile-\"><h2 class=\"ekit-heading--title elementskit-section-title\">Industrial <span><span>Plants<\/span><\/span><\/h2><\/div><\/div>\t\t\t\t<\/div>\n\t\t\t\t<\/div>\n\t\t\t\t<div class=\"elementor-element elementor-element-5f8d612f elementor-widget-divider--view-line elementor-widget elementor-widget-divider\" data-id=\"5f8d612f\" data-element_type=\"widget\" data-e-type=\"widget\" data-widget_type=\"divider.default\">\n\t\t\t\t<div class=\"elementor-widget-container\">\n\t\t\t\t\t\t\t<div class=\"elementor-divider\">\n\t\t\t<span class=\"elementor-divider-separator\">\n\t\t\t\t\t\t<\/span>\n\t\t<\/div>\n\t\t\t\t\t\t<\/div>\n\t\t\t\t<\/div>\n\t\t\t\t\t<\/div>\n\t\t<\/div>\n\t\t\t\t\t<\/div>\n\t\t<\/section>\n\t\t\t\t\t<\/div>\n\t\t<\/div>\n\t\t\t\t<div class=\"elementor-column elementor-col-50 elementor-top-column elementor-element elementor-element-c6bbeb8 elementor-hidden-tablet elementor-hidden-mobile\" data-id=\"c6bbeb8\" data-element_type=\"column\" data-e-type=\"column\">\n\t\t\t<div class=\"elementor-widget-wrap\">\n\t\t\t\t\t\t\t<\/div>\n\t\t<\/div>\n\t\t\t\t\t<\/div>\n\t\t<\/section>\n\t\t\t\t<section class=\"elementor-section elementor-top-section elementor-element elementor-element-3b2b17b3 elementor-section-boxed elementor-section-height-default elementor-section-height-default\" data-id=\"3b2b17b3\" data-element_type=\"section\" data-e-type=\"section\">\n\t\t\t\t\t\t<div class=\"elementor-container elementor-column-gap-default\">\n\t\t\t\t\t<div class=\"elementor-column elementor-col-100 elementor-top-column elementor-element elementor-element-40a1ff2b\" data-id=\"40a1ff2b\" data-element_type=\"column\" data-e-type=\"column\">\n\t\t\t<div class=\"elementor-widget-wrap elementor-element-populated\">\n\t\t\t\t\t\t<section class=\"elementor-section elementor-inner-section elementor-element elementor-element-41cb33e7 elementor-section-boxed elementor-section-height-default elementor-section-height-default\" data-id=\"41cb33e7\" data-element_type=\"section\" data-e-type=\"section\">\n\t\t\t\t\t\t<div class=\"elementor-container elementor-column-gap-no\">\n\t\t\t\t\t<div class=\"elementor-column elementor-col-100 elementor-inner-column elementor-element elementor-element-30ba11a5\" data-id=\"30ba11a5\" data-element_type=\"column\" data-e-type=\"column\">\n\t\t\t<div class=\"elementor-widget-wrap elementor-element-populated\">\n\t\t\t\t\t\t<div class=\"elementor-element elementor-element-1e719184 elementor-widget elementor-widget-heading\" data-id=\"1e719184\" data-element_type=\"widget\" data-e-type=\"widget\" data-widget_type=\"heading.default\">\n\t\t\t\t<div class=\"elementor-widget-container\">\n\t\t\t\t\t<h2 class=\"elementor-heading-title elementor-size-default\">Industrial plants<\/h2>\t\t\t\t<\/div>\n\t\t\t\t<\/div>\n\t\t\t\t<div class=\"elementor-element elementor-element-7b791536 elementor-widget elementor-widget-text-editor\" data-id=\"7b791536\" data-element_type=\"widget\" data-e-type=\"widget\" data-widget_type=\"text-editor.default\">\n\t\t\t\t<div class=\"elementor-widget-container\">\n\t\t\t\t\t\t\t\t\t<p>Our services include disassembly, installation of production equipment, assembly and commissioning of new plants, and maintenance of existing ones. We are able to fully adapt the range of services to the needs of our partners, regardless of professional requirements or location.<\/p>\t\t\t\t\t\t\t\t<\/div>\n\t\t\t\t<\/div>\n\t\t\t\t\t<\/div>\n\t\t<\/div>\n\t\t\t\t\t<\/div>\n\t\t<\/section>\n\t\t\t\t\t<\/div>\n\t\t<\/div>\n\t\t\t\t\t<\/div>\n\t\t<\/section>\n\t\t\t\t<section class=\"elementor-section elementor-top-section elementor-element elementor-element-dcaee01 elementor-section-boxed elementor-section-height-default elementor-section-height-default\" data-id=\"dcaee01\" data-element_type=\"section\" data-e-type=\"section\">\n\t\t\t\t\t\t<div class=\"elementor-container elementor-column-gap-default\">\n\t\t\t\t\t<div class=\"elementor-column elementor-col-100 elementor-top-column elementor-element elementor-element-325b500\" data-id=\"325b500\" data-element_type=\"column\" data-e-type=\"column\">\n\t\t\t<div class=\"elementor-widget-wrap elementor-element-populated\">\n\t\t\t\t\t\t<div class=\"elementor-element elementor-element-0a0e2eb elementor-widget elementor-widget-gallery\" data-id=\"0a0e2eb\" data-element_type=\"widget\" data-e-type=\"widget\" data-settings=\"{&quot;gallery_layout&quot;:&quot;justified&quot;,&quot;lazyload&quot;:&quot;yes&quot;,&quot;ideal_row_height&quot;:{&quot;unit&quot;:&quot;px&quot;,&quot;size&quot;:200,&quot;sizes&quot;:[]},&quot;ideal_row_height_tablet&quot;:{&quot;unit&quot;:&quot;px&quot;,&quot;size&quot;:150,&quot;sizes&quot;:[]},&quot;ideal_row_height_mobile&quot;:{&quot;unit&quot;:&quot;px&quot;,&quot;size&quot;:150,&quot;sizes&quot;:[]},&quot;gap&quot;:{&quot;unit&quot;:&quot;px&quot;,&quot;size&quot;:10,&quot;sizes&quot;:[]},&quot;gap_tablet&quot;:{&quot;unit&quot;:&quot;px&quot;,&quot;size&quot;:10,&quot;sizes&quot;:[]},&quot;gap_mobile&quot;:{&quot;unit&quot;:&quot;px&quot;,&quot;size&quot;:10,&quot;sizes&quot;:[]},&quot;link_to&quot;:&quot;file&quot;,&quot;overlay_background&quot;:&quot;yes&quot;,&quot;content_hover_animation&quot;:&quot;fade-in&quot;}\" data-widget_type=\"gallery.default\">\n\t\t\t\t<div class=\"elementor-widget-container\">\n\t\t\t\t\t\t\t<div class=\"elementor-gallery__container\">\n\t\t\t\t\t\t\t<a class=\"e-gallery-item elementor-gallery-item elementor-animated-content\" href=\"https:\/\/imw-mont.com\/wp-content\/uploads\/2023\/05\/IMG-20221230-WA0000-2.jpg\" data-elementor-open-lightbox=\"yes\" data-elementor-lightbox-slideshow=\"0a0e2eb\" data-elementor-lightbox-title=\"IMG-20221230-WA0000\" data-e-action-hash=\"#elementor-action%3Aaction%3Dlightbox%26settings%3DeyJpZCI6MTM2MCwidXJsIjoiaHR0cHM6XC9cL2ltdy1tb250LmNvbVwvd3AtY29udGVudFwvdXBsb2Fkc1wvMjAyM1wvMDVcL0lNRy0yMDIyMTIzMC1XQTAwMDAtMi5qcGciLCJzbGlkZXNob3ciOiIwYTBlMmViIn0%3D\">\n\t\t\t\t\t<div class=\"e-gallery-image elementor-gallery-item__image\" data-thumbnail=\"https:\/\/imw-mont.com\/wp-content\/uploads\/2023\/05\/IMG-20221230-WA0000-2-300x225.jpg\" data-width=\"300\" data-height=\"225\" aria-label=\"\" role=\"img\" ><\/div>\n\t\t\t\t\t\t\t\t\t\t\t<div class=\"elementor-gallery-item__overlay\"><\/div>\n\t\t\t\t\t\t\t\t\t\t\t\t\t\t<\/a>\n\t\t\t\t\t\t\t<a class=\"e-gallery-item elementor-gallery-item elementor-animated-content\" href=\"https:\/\/imw-mont.com\/wp-content\/uploads\/2023\/05\/20230104_024819-1.jpg\" data-elementor-open-lightbox=\"yes\" data-elementor-lightbox-slideshow=\"0a0e2eb\" data-elementor-lightbox-title=\"20230104_024819\" data-e-action-hash=\"#elementor-action%3Aaction%3Dlightbox%26settings%3DeyJpZCI6MTM1OCwidXJsIjoiaHR0cHM6XC9cL2ltdy1tb250LmNvbVwvd3AtY29udGVudFwvdXBsb2Fkc1wvMjAyM1wvMDVcLzIwMjMwMTA0XzAyNDgxOS0xLmpwZyIsInNsaWRlc2hvdyI6IjBhMGUyZWIifQ%3D%3D\">\n\t\t\t\t\t<div class=\"e-gallery-image elementor-gallery-item__image\" data-thumbnail=\"https:\/\/imw-mont.com\/wp-content\/uploads\/2023\/05\/20230104_024819-1-300x225.jpg\" data-width=\"300\" data-height=\"225\" aria-label=\"\" role=\"img\" ><\/div>\n\t\t\t\t\t\t\t\t\t\t\t<div class=\"elementor-gallery-item__overlay\"><\/div>\n\t\t\t\t\t\t\t\t\t\t\t\t\t\t<\/a>\n\t\t\t\t\t\t\t<a class=\"e-gallery-item elementor-gallery-item elementor-animated-content\" href=\"https:\/\/imw-mont.com\/wp-content\/uploads\/2023\/05\/20230104_030210-1.jpg\" data-elementor-open-lightbox=\"yes\" data-elementor-lightbox-slideshow=\"0a0e2eb\" data-elementor-lightbox-title=\"20230104_030210\" data-e-action-hash=\"#elementor-action%3Aaction%3Dlightbox%26settings%3DeyJpZCI6MTM1OSwidXJsIjoiaHR0cHM6XC9cL2ltdy1tb250LmNvbVwvd3AtY29udGVudFwvdXBsb2Fkc1wvMjAyM1wvMDVcLzIwMjMwMTA0XzAzMDIxMC0xLmpwZyIsInNsaWRlc2hvdyI6IjBhMGUyZWIifQ%3D%3D\">\n\t\t\t\t\t<div class=\"e-gallery-image elementor-gallery-item__image\" data-thumbnail=\"https:\/\/imw-mont.com\/wp-content\/uploads\/2023\/05\/20230104_030210-1-300x225.jpg\" data-width=\"300\" data-height=\"225\" aria-label=\"\" role=\"img\" ><\/div>\n\t\t\t\t\t\t\t\t\t\t\t<div class=\"elementor-gallery-item__overlay\"><\/div>\n\t\t\t\t\t\t\t\t\t\t\t\t\t\t<\/a>\n\t\t\t\t\t\t\t<a class=\"e-gallery-item elementor-gallery-item elementor-animated-content\" href=\"https:\/\/imw-mont.com\/wp-content\/uploads\/2023\/05\/20221224_142746-1.jpg\" data-elementor-open-lightbox=\"yes\" data-elementor-lightbox-slideshow=\"0a0e2eb\" data-elementor-lightbox-title=\"20221224_142746\" data-e-action-hash=\"#elementor-action%3Aaction%3Dlightbox%26settings%3DeyJpZCI6MTM1NiwidXJsIjoiaHR0cHM6XC9cL2ltdy1tb250LmNvbVwvd3AtY29udGVudFwvdXBsb2Fkc1wvMjAyM1wvMDVcLzIwMjIxMjI0XzE0Mjc0Ni0xLmpwZyIsInNsaWRlc2hvdyI6IjBhMGUyZWIifQ%3D%3D\">\n\t\t\t\t\t<div class=\"e-gallery-image elementor-gallery-item__image\" data-thumbnail=\"https:\/\/imw-mont.com\/wp-content\/uploads\/2023\/05\/20221224_142746-1-300x225.jpg\" data-width=\"300\" data-height=\"225\" aria-label=\"\" role=\"img\" ><\/div>\n\t\t\t\t\t\t\t\t\t\t\t<div class=\"elementor-gallery-item__overlay\"><\/div>\n\t\t\t\t\t\t\t\t\t\t\t\t\t\t<\/a>\n\t\t\t\t\t\t\t<a class=\"e-gallery-item elementor-gallery-item elementor-animated-content\" href=\"https:\/\/imw-mont.com\/wp-content\/uploads\/2023\/05\/20221024_141749-1.jpg\" data-elementor-open-lightbox=\"yes\" data-elementor-lightbox-slideshow=\"0a0e2eb\" data-elementor-lightbox-title=\"20221024_141749\" data-e-action-hash=\"#elementor-action%3Aaction%3Dlightbox%26settings%3DeyJpZCI6MTM1NCwidXJsIjoiaHR0cHM6XC9cL2ltdy1tb250LmNvbVwvd3AtY29udGVudFwvdXBsb2Fkc1wvMjAyM1wvMDVcLzIwMjIxMDI0XzE0MTc0OS0xLmpwZyIsInNsaWRlc2hvdyI6IjBhMGUyZWIifQ%3D%3D\">\n\t\t\t\t\t<div class=\"e-gallery-image elementor-gallery-item__image\" data-thumbnail=\"https:\/\/imw-mont.com\/wp-content\/uploads\/2023\/05\/20221024_141749-1-300x225.jpg\" data-width=\"300\" data-height=\"225\" aria-label=\"\" role=\"img\" ><\/div>\n\t\t\t\t\t\t\t\t\t\t\t<div class=\"elementor-gallery-item__overlay\"><\/div>\n\t\t\t\t\t\t\t\t\t\t\t\t\t\t<\/a>\n\t\t\t\t\t\t\t<a class=\"e-gallery-item elementor-gallery-item elementor-animated-content\" href=\"https:\/\/imw-mont.com\/wp-content\/uploads\/2023\/05\/IMG-20221230-WA0002-2.jpg\" data-elementor-open-lightbox=\"yes\" data-elementor-lightbox-slideshow=\"0a0e2eb\" data-elementor-lightbox-title=\"IMG-20221230-WA0002\" data-e-action-hash=\"#elementor-action%3Aaction%3Dlightbox%26settings%3DeyJpZCI6MTM2MSwidXJsIjoiaHR0cHM6XC9cL2ltdy1tb250LmNvbVwvd3AtY29udGVudFwvdXBsb2Fkc1wvMjAyM1wvMDVcL0lNRy0yMDIyMTIzMC1XQTAwMDItMi5qcGciLCJzbGlkZXNob3ciOiIwYTBlMmViIn0%3D\">\n\t\t\t\t\t<div class=\"e-gallery-image elementor-gallery-item__image\" data-thumbnail=\"https:\/\/imw-mont.com\/wp-content\/uploads\/2023\/05\/IMG-20221230-WA0002-2-300x169.jpg\" data-width=\"300\" data-height=\"169\" aria-label=\"\" role=\"img\" ><\/div>\n\t\t\t\t\t\t\t\t\t\t\t<div class=\"elementor-gallery-item__overlay\"><\/div>\n\t\t\t\t\t\t\t\t\t\t\t\t\t\t<\/a>\n\t\t\t\t\t\t\t<a class=\"e-gallery-item elementor-gallery-item elementor-animated-content\" href=\"https:\/\/imw-mont.com\/wp-content\/uploads\/2023\/05\/20230103_203152-1.jpg\" data-elementor-open-lightbox=\"yes\" data-elementor-lightbox-slideshow=\"0a0e2eb\" data-elementor-lightbox-title=\"20230103_203152\" data-e-action-hash=\"#elementor-action%3Aaction%3Dlightbox%26settings%3DeyJpZCI6MTM1NywidXJsIjoiaHR0cHM6XC9cL2ltdy1tb250LmNvbVwvd3AtY29udGVudFwvdXBsb2Fkc1wvMjAyM1wvMDVcLzIwMjMwMTAzXzIwMzE1Mi0xLmpwZyIsInNsaWRlc2hvdyI6IjBhMGUyZWIifQ%3D%3D\">\n\t\t\t\t\t<div class=\"e-gallery-image elementor-gallery-item__image\" data-thumbnail=\"https:\/\/imw-mont.com\/wp-content\/uploads\/2023\/05\/20230103_203152-1-225x300.jpg\" data-width=\"225\" data-height=\"300\" aria-label=\"\" role=\"img\" ><\/div>\n\t\t\t\t\t\t\t\t\t\t\t<div class=\"elementor-gallery-item__overlay\"><\/div>\n\t\t\t\t\t\t\t\t\t\t\t\t\t\t<\/a>\n\t\t\t\t\t\t\t<a class=\"e-gallery-item elementor-gallery-item elementor-animated-content\" href=\"https:\/\/imw-mont.com\/wp-content\/uploads\/2023\/05\/20221118_225244-1.jpg\" data-elementor-open-lightbox=\"yes\" data-elementor-lightbox-slideshow=\"0a0e2eb\" data-elementor-lightbox-title=\"20221118_225244\" data-e-action-hash=\"#elementor-action%3Aaction%3Dlightbox%26settings%3DeyJpZCI6MTM1NSwidXJsIjoiaHR0cHM6XC9cL2ltdy1tb250LmNvbVwvd3AtY29udGVudFwvdXBsb2Fkc1wvMjAyM1wvMDVcLzIwMjIxMTE4XzIyNTI0NC0xLmpwZyIsInNsaWRlc2hvdyI6IjBhMGUyZWIifQ%3D%3D\">\n\t\t\t\t\t<div class=\"e-gallery-image elementor-gallery-item__image\" data-thumbnail=\"https:\/\/imw-mont.com\/wp-content\/uploads\/2023\/05\/20221118_225244-1-225x300.jpg\" data-width=\"225\" data-height=\"300\" aria-label=\"\" role=\"img\" ><\/div>\n\t\t\t\t\t\t\t\t\t\t\t<div class=\"elementor-gallery-item__overlay\"><\/div>\n\t\t\t\t\t\t\t\t\t\t\t\t\t\t<\/a>\n\t\t\t\t\t<\/div>\n\t\t\t\t\t<\/div>\n\t\t\t\t<\/div>\n\t\t\t\t\t<\/div>\n\t\t<\/div>\n\t\t\t\t\t<\/div>\n\t\t<\/section>\n\t\t\t\t<\/div>","protected":false},"excerpt":{"rendered":"<p>Industrijska Postrojenja Industrijska postrojenja Na\u0161e usluge uklju\u010duju rastavljanje, instalaciju opreme za proizvodnju, monta\u017eu i pu\u0161tanje u pogon novih postrojenja, te odr\u017eavanje postoje\u0107ih.\u00a0 Ponudu usluga u celosti smo u mogu\u0107nosti prilagoditi potrebama na\u0161ih partnera, bez obzira na zahteve struke ili lokaciju.<\/p>","protected":false},"author":1,"featured_media":0,"parent":245,"menu_order":0,"comment_status":"closed","ping_status":"closed","template":"elementor_header_footer","meta":{"footnotes":""},"class_list":["post-1335","page","type-page","status-publish","hentry"],"yoast_head":"<!-- This site is optimized with the Yoast SEO plugin v27.4 - https:\/\/yoast.com\/product\/yoast-seo-wordpress\/ -->\n<title>Industrijska postrojenja - MW Montage Engineering<\/title>\n<meta name=\"robots\" content=\"index, follow, max-snippet:-1, max-image-preview:large, max-video-preview:-1\" \/>\n<link rel=\"canonical\" href=\"https:\/\/imw-mont.com\/en\/usluge\/industrijska-postrojenja\/\" \/>\n<meta property=\"og:locale\" content=\"en_GB\" \/>\n<meta property=\"og:type\" content=\"article\" \/>\n<meta property=\"og:title\" content=\"Industrijska postrojenja - MW Montage Engineering\" \/>\n<meta property=\"og:description\" content=\"Industrijska Postrojenja Industrijska postrojenja Na\u0161e usluge uklju\u010duju rastavljanje, instalaciju opreme za proizvodnju, monta\u017eu i pu\u0161tanje u pogon novih postrojenja, te odr\u017eavanje postoje\u0107ih.\u00a0 Ponudu usluga u celosti smo u mogu\u0107nosti prilagoditi potrebama na\u0161ih partnera, bez obzira na zahteve struke ili lokaciju.\" \/>\n<meta property=\"og:url\" content=\"https:\/\/imw-mont.com\/en\/usluge\/industrijska-postrojenja\/\" \/>\n<meta property=\"og:site_name\" content=\"MW Montage Engineering\" \/>\n<meta property=\"article:modified_time\" content=\"2023-05-12T18:36:42+00:00\" \/>\n<meta name=\"twitter:card\" content=\"summary_large_image\" \/>\n<meta name=\"twitter:label1\" content=\"Estimated reading time\" \/>\n\t<meta name=\"twitter:data1\" content=\"1 minute\" \/>\n<script type=\"application\/ld+json\" class=\"yoast-schema-graph\">{\"@context\":\"https:\\\/\\\/schema.org\",\"@graph\":[{\"@type\":\"WebPage\",\"@id\":\"https:\\\/\\\/imw-mont.com\\\/usluge\\\/industrijska-postrojenja\\\/\",\"url\":\"https:\\\/\\\/imw-mont.com\\\/usluge\\\/industrijska-postrojenja\\\/\",\"name\":\"Industrijska postrojenja - MW Montage Engineering\",\"isPartOf\":{\"@id\":\"https:\\\/\\\/imw-mont.com\\\/#website\"},\"datePublished\":\"2023-05-12T18:26:42+00:00\",\"dateModified\":\"2023-05-12T18:36:42+00:00\",\"breadcrumb\":{\"@id\":\"https:\\\/\\\/imw-mont.com\\\/usluge\\\/industrijska-postrojenja\\\/#breadcrumb\"},\"inLanguage\":\"en-GB\",\"potentialAction\":[{\"@type\":\"ReadAction\",\"target\":[\"https:\\\/\\\/imw-mont.com\\\/usluge\\\/industrijska-postrojenja\\\/\"]}]},{\"@type\":\"BreadcrumbList\",\"@id\":\"https:\\\/\\\/imw-mont.com\\\/usluge\\\/industrijska-postrojenja\\\/#breadcrumb\",\"itemListElement\":[{\"@type\":\"ListItem\",\"position\":1,\"name\":\"Home\",\"item\":\"https:\\\/\\\/imw-mont.com\\\/\"},{\"@type\":\"ListItem\",\"position\":2,\"name\":\"Usluge\",\"item\":\"https:\\\/\\\/imw-mont.com\\\/usluge\\\/\"},{\"@type\":\"ListItem\",\"position\":3,\"name\":\"Industrijska postrojenja\"}]},{\"@type\":\"WebSite\",\"@id\":\"https:\\\/\\\/imw-mont.com\\\/#website\",\"url\":\"https:\\\/\\\/imw-mont.com\\\/\",\"name\":\"IMW montage Engineering\",\"description\":\"Izrada metalnih konstrukcija, monta\u017ea sendvi\u010d panela, odr\u017eavanje i monta\u017ea proizvodnih pogona, usluga zavarivanja\",\"publisher\":{\"@id\":\"https:\\\/\\\/imw-mont.com\\\/#organization\"},\"potentialAction\":[{\"@type\":\"SearchAction\",\"target\":{\"@type\":\"EntryPoint\",\"urlTemplate\":\"https:\\\/\\\/imw-mont.com\\\/?s={search_term_string}\"},\"query-input\":{\"@type\":\"PropertyValueSpecification\",\"valueRequired\":true,\"valueName\":\"search_term_string\"}}],\"inLanguage\":\"en-GB\"},{\"@type\":\"Organization\",\"@id\":\"https:\\\/\\\/imw-mont.com\\\/#organization\",\"name\":\"IMW montage Engineering\",\"url\":\"https:\\\/\\\/imw-mont.com\\\/\",\"logo\":{\"@type\":\"ImageObject\",\"inLanguage\":\"en-GB\",\"@id\":\"https:\\\/\\\/imw-mont.com\\\/#\\\/schema\\\/logo\\\/image\\\/\",\"url\":\"https:\\\/\\\/imw-mont.com\\\/wp-content\\\/uploads\\\/2023\\\/05\\\/Logo-za-kontakt.png\",\"contentUrl\":\"https:\\\/\\\/imw-mont.com\\\/wp-content\\\/uploads\\\/2023\\\/05\\\/Logo-za-kontakt.png\",\"width\":792,\"height\":222,\"caption\":\"IMW montage Engineering\"},\"image\":{\"@id\":\"https:\\\/\\\/imw-mont.com\\\/#\\\/schema\\\/logo\\\/image\\\/\"}}]}<\/script>\n<!-- \/ Yoast SEO plugin. -->","yoast_head_json":{"title":"Industrijska postrojenja - MW Montage Engineering","robots":{"index":"index","follow":"follow","max-snippet":"max-snippet:-1","max-image-preview":"max-image-preview:large","max-video-preview":"max-video-preview:-1"},"canonical":"https:\/\/imw-mont.com\/en\/usluge\/industrijska-postrojenja\/","og_locale":"en_GB","og_type":"article","og_title":"Industrijska postrojenja - MW Montage Engineering","og_description":"Industrijska Postrojenja Industrijska postrojenja Na\u0161e usluge uklju\u010duju rastavljanje, instalaciju opreme za proizvodnju, monta\u017eu i pu\u0161tanje u pogon novih postrojenja, te odr\u017eavanje postoje\u0107ih.\u00a0 Ponudu usluga u celosti smo u mogu\u0107nosti prilagoditi potrebama na\u0161ih partnera, bez obzira na zahteve struke ili lokaciju.","og_url":"https:\/\/imw-mont.com\/en\/usluge\/industrijska-postrojenja\/","og_site_name":"MW Montage Engineering","article_modified_time":"2023-05-12T18:36:42+00:00","twitter_card":"summary_large_image","twitter_misc":{"Estimated reading time":"1 minute"},"schema":{"@context":"https:\/\/schema.org","@graph":[{"@type":"WebPage","@id":"https:\/\/imw-mont.com\/usluge\/industrijska-postrojenja\/","url":"https:\/\/imw-mont.com\/usluge\/industrijska-postrojenja\/","name":"Industrijska postrojenja - MW Montage Engineering","isPartOf":{"@id":"https:\/\/imw-mont.com\/#website"},"datePublished":"2023-05-12T18:26:42+00:00","dateModified":"2023-05-12T18:36:42+00:00","breadcrumb":{"@id":"https:\/\/imw-mont.com\/usluge\/industrijska-postrojenja\/#breadcrumb"},"inLanguage":"en-GB","potentialAction":[{"@type":"ReadAction","target":["https:\/\/imw-mont.com\/usluge\/industrijska-postrojenja\/"]}]},{"@type":"BreadcrumbList","@id":"https:\/\/imw-mont.com\/usluge\/industrijska-postrojenja\/#breadcrumb","itemListElement":[{"@type":"ListItem","position":1,"name":"Home","item":"https:\/\/imw-mont.com\/"},{"@type":"ListItem","position":2,"name":"Usluge","item":"https:\/\/imw-mont.com\/usluge\/"},{"@type":"ListItem","position":3,"name":"Industrijska postrojenja"}]},{"@type":"WebSite","@id":"https:\/\/imw-mont.com\/#website","url":"https:\/\/imw-mont.com\/","name":"IMW montage Engineering","description":"Izrada metalnih konstrukcija, monta\u017ea sendvi\u010d panela, odr\u017eavanje i monta\u017ea proizvodnih pogona, usluga zavarivanja","publisher":{"@id":"https:\/\/imw-mont.com\/#organization"},"potentialAction":[{"@type":"SearchAction","target":{"@type":"EntryPoint","urlTemplate":"https:\/\/imw-mont.com\/?s={search_term_string}"},"query-input":{"@type":"PropertyValueSpecification","valueRequired":true,"valueName":"search_term_string"}}],"inLanguage":"en-GB"},{"@type":"Organization","@id":"https:\/\/imw-mont.com\/#organization","name":"IMW montage Engineering","url":"https:\/\/imw-mont.com\/","logo":{"@type":"ImageObject","inLanguage":"en-GB","@id":"https:\/\/imw-mont.com\/#\/schema\/logo\/image\/","url":"https:\/\/imw-mont.com\/wp-content\/uploads\/2023\/05\/Logo-za-kontakt.png","contentUrl":"https:\/\/imw-mont.com\/wp-content\/uploads\/2023\/05\/Logo-za-kontakt.png","width":792,"height":222,"caption":"IMW montage Engineering"},"image":{"@id":"https:\/\/imw-mont.com\/#\/schema\/logo\/image\/"}}]}},"_links":{"self":[{"href":"https:\/\/imw-mont.com\/en\/wp-json\/wp\/v2\/pages\/1335","targetHints":{"allow":["GET"]}}],"collection":[{"href":"https:\/\/imw-mont.com\/en\/wp-json\/wp\/v2\/pages"}],"about":[{"href":"https:\/\/imw-mont.com\/en\/wp-json\/wp\/v2\/types\/page"}],"author":[{"embeddable":true,"href":"https:\/\/imw-mont.com\/en\/wp-json\/wp\/v2\/users\/1"}],"replies":[{"embeddable":true,"href":"https:\/\/imw-mont.com\/en\/wp-json\/wp\/v2\/comments?post=1335"}],"version-history":[{"count":7,"href":"https:\/\/imw-mont.com\/en\/wp-json\/wp\/v2\/pages\/1335\/revisions"}],"predecessor-version":[{"id":1367,"href":"https:\/\/imw-mont.com\/en\/wp-json\/wp\/v2\/pages\/1335\/revisions\/1367"}],"up":[{"embeddable":true,"href":"https:\/\/imw-mont.com\/en\/wp-json\/wp\/v2\/pages\/245"}],"wp:attachment":[{"href":"https:\/\/imw-mont.com\/en\/wp-json\/wp\/v2\/media?parent=1335"}],"curies":[{"name":"wp","href":"https:\/\/api.w.org\/{rel}","templated":true}]}}