{"id":1294,"date":"2023-05-12T18:03:52","date_gmt":"2023-05-12T18:03:52","guid":{"rendered":"https:\/\/imw-mont.com\/?page_id=1294"},"modified":"2023-05-12T18:14:27","modified_gmt":"2023-05-12T18:14:27","slug":"metalne-konstrukcije","status":"publish","type":"page","link":"https:\/\/imw-mont.com\/en\/usluge\/metalne-konstrukcije\/","title":{"rendered":"Metal constructions"},"content":{"rendered":"<div data-elementor-type=\"wp-page\" data-elementor-id=\"1294\" class=\"elementor elementor-1294\" data-elementor-post-type=\"page\">\n\t\t\t\t\t\t<section class=\"elementor-section elementor-top-section elementor-element elementor-element-5ee68400 elementor-section-full_width elementor-section-height-default elementor-section-height-default\" data-id=\"5ee68400\" data-element_type=\"section\" data-e-type=\"section\" data-settings=\"{&quot;background_background&quot;:&quot;classic&quot;}\">\n\t\t\t\t\t\t\t<div class=\"elementor-background-overlay\"><\/div>\n\t\t\t\t\t\t\t<div class=\"elementor-container elementor-column-gap-default\">\n\t\t\t\t\t<div class=\"elementor-column elementor-col-50 elementor-top-column elementor-element elementor-element-599a661d\" data-id=\"599a661d\" data-element_type=\"column\" data-e-type=\"column\">\n\t\t\t<div class=\"elementor-widget-wrap elementor-element-populated\">\n\t\t\t\t\t\t<section class=\"elementor-section elementor-inner-section elementor-element elementor-element-696ddd17 elementor-section-boxed elementor-section-height-default elementor-section-height-default\" data-id=\"696ddd17\" data-element_type=\"section\" data-e-type=\"section\">\n\t\t\t\t\t\t<div class=\"elementor-container elementor-column-gap-default\">\n\t\t\t\t\t<div class=\"elementor-column elementor-col-100 elementor-inner-column elementor-element elementor-element-20c29dcd\" data-id=\"20c29dcd\" data-element_type=\"column\" data-e-type=\"column\">\n\t\t\t<div class=\"elementor-widget-wrap elementor-element-populated\">\n\t\t\t\t\t\t<div class=\"elementor-element elementor-element-5ba388be elementor-widget elementor-widget-elementskit-heading\" data-id=\"5ba388be\" data-element_type=\"widget\" data-e-type=\"widget\" data-widget_type=\"elementskit-heading.default\">\n\t\t\t\t<div class=\"elementor-widget-container\">\n\t\t\t\t\t<div class=\"ekit-wid-con\" ><div class=\"ekit-heading elementskit-section-title-wraper text_left   ekit_heading_tablet-   ekit_heading_mobile-\"><h2 class=\"ekit-heading--title elementskit-section-title\">Metal <span><span>Constructions<\/span><\/span><\/h2><\/div><\/div>\t\t\t\t<\/div>\n\t\t\t\t<\/div>\n\t\t\t\t<div class=\"elementor-element elementor-element-5f8d612f elementor-widget-divider--view-line elementor-widget elementor-widget-divider\" data-id=\"5f8d612f\" data-element_type=\"widget\" data-e-type=\"widget\" data-widget_type=\"divider.default\">\n\t\t\t\t<div class=\"elementor-widget-container\">\n\t\t\t\t\t\t\t<div class=\"elementor-divider\">\n\t\t\t<span class=\"elementor-divider-separator\">\n\t\t\t\t\t\t<\/span>\n\t\t<\/div>\n\t\t\t\t\t\t<\/div>\n\t\t\t\t<\/div>\n\t\t\t\t\t<\/div>\n\t\t<\/div>\n\t\t\t\t\t<\/div>\n\t\t<\/section>\n\t\t\t\t\t<\/div>\n\t\t<\/div>\n\t\t\t\t<div class=\"elementor-column elementor-col-50 elementor-top-column elementor-element elementor-element-c6bbeb8 elementor-hidden-tablet elementor-hidden-mobile\" data-id=\"c6bbeb8\" data-element_type=\"column\" data-e-type=\"column\">\n\t\t\t<div class=\"elementor-widget-wrap\">\n\t\t\t\t\t\t\t<\/div>\n\t\t<\/div>\n\t\t\t\t\t<\/div>\n\t\t<\/section>\n\t\t\t\t<section class=\"elementor-section elementor-top-section elementor-element elementor-element-3b2b17b3 elementor-section-boxed elementor-section-height-default elementor-section-height-default\" data-id=\"3b2b17b3\" data-element_type=\"section\" data-e-type=\"section\">\n\t\t\t\t\t\t<div class=\"elementor-container elementor-column-gap-default\">\n\t\t\t\t\t<div class=\"elementor-column elementor-col-100 elementor-top-column elementor-element elementor-element-40a1ff2b\" data-id=\"40a1ff2b\" data-element_type=\"column\" data-e-type=\"column\">\n\t\t\t<div class=\"elementor-widget-wrap elementor-element-populated\">\n\t\t\t\t\t\t<section class=\"elementor-section elementor-inner-section elementor-element elementor-element-41cb33e7 elementor-section-boxed elementor-section-height-default elementor-section-height-default\" data-id=\"41cb33e7\" data-element_type=\"section\" data-e-type=\"section\">\n\t\t\t\t\t\t<div class=\"elementor-container elementor-column-gap-no\">\n\t\t\t\t\t<div class=\"elementor-column elementor-col-100 elementor-inner-column elementor-element elementor-element-30ba11a5\" data-id=\"30ba11a5\" data-element_type=\"column\" data-e-type=\"column\">\n\t\t\t<div class=\"elementor-widget-wrap elementor-element-populated\">\n\t\t\t\t\t\t<div class=\"elementor-element elementor-element-1e719184 elementor-widget elementor-widget-heading\" data-id=\"1e719184\" data-element_type=\"widget\" data-e-type=\"widget\" data-widget_type=\"heading.default\">\n\t\t\t\t<div class=\"elementor-widget-container\">\n\t\t\t\t\t<h2 class=\"elementor-heading-title elementor-size-default\">Metal constructions<\/h2>\t\t\t\t<\/div>\n\t\t\t\t<\/div>\n\t\t\t\t<div class=\"elementor-element elementor-element-7b791536 elementor-widget elementor-widget-text-editor\" data-id=\"7b791536\" data-element_type=\"widget\" data-e-type=\"widget\" data-widget_type=\"text-editor.default\">\n\t\t\t\t<div class=\"elementor-widget-container\">\n\t\t\t\t\t\t\t\t\t<p>Special technical conditions contain requirements regarding materials, fabrication and assembly of the structure, preparation of the welding plan, as well as the method and extent of special inspections of the steel structure. Welding plans and special controls form an integral part of the technical documentation.<\/p><p>When dimensioning steel structures, depending on their purpose, the following types of loads are taken into account: own weight and other permanent loads; moving load; snow; wind; impact of temperature changes; earth pressure; hydrostatic pressure; the effect of pressed rods on transverse supports; vehicle side impacts; various blows; the load that occurs during the installation of the structure; various occasional loads; braking force; centrifugal force; friction in bearings; moving supports; turning the supports, etc.<\/p><p>During test assembly, as well as during production, the dimensions of the steel structure and its parts are controlled, with the exception that the deviations must not exceed the values established by the regulations for tolerances of dimensions and shapes for supporting steel structures.<\/p>\t\t\t\t\t\t\t\t<\/div>\n\t\t\t\t<\/div>\n\t\t\t\t\t<\/div>\n\t\t<\/div>\n\t\t\t\t\t<\/div>\n\t\t<\/section>\n\t\t\t\t<section class=\"elementor-section elementor-inner-section elementor-element elementor-element-33796280 elementor-section-boxed elementor-section-height-default elementor-section-height-default\" data-id=\"33796280\" data-element_type=\"section\" data-e-type=\"section\">\n\t\t\t\t\t\t<div class=\"elementor-container elementor-column-gap-no\">\n\t\t\t\t\t<div class=\"elementor-column elementor-col-50 elementor-inner-column elementor-element elementor-element-2a4aef19\" data-id=\"2a4aef19\" data-element_type=\"column\" data-e-type=\"column\">\n\t\t\t<div class=\"elementor-widget-wrap elementor-element-populated\">\n\t\t\t\t\t\t<div class=\"elementor-element elementor-element-348a3b66 elementor-widget elementor-widget-image\" data-id=\"348a3b66\" data-element_type=\"widget\" data-e-type=\"widget\" data-widget_type=\"image.default\">\n\t\t\t\t<div class=\"elementor-widget-container\">\n\t\t\t\t\t\t\t\t\t\t\t\t\t\t\t<img decoding=\"async\" data-src=\"https:\/\/imw-mont.com\/wp-content\/uploads\/elementor\/thumbs\/1679951058863-q6bcxw8juevcf4zom2o35cia4yjnr0it3tnem9l09s.jpg\" title=\"1679951058863\" alt=\"1679951058863\" src=\"data:image\/svg+xml;base64,PHN2ZyB3aWR0aD0iMSIgaGVpZ2h0PSIxIiB4bWxucz0iaHR0cDovL3d3dy53My5vcmcvMjAwMC9zdmciPjwvc3ZnPg==\" class=\"lazyload\" style=\"--smush-placeholder-width: 600px; --smush-placeholder-aspect-ratio: 600\/400;\" \/>\t\t\t\t\t\t\t\t\t\t\t\t\t\t\t<\/div>\n\t\t\t\t<\/div>\n\t\t\t\t\t<\/div>\n\t\t<\/div>\n\t\t\t\t<div class=\"elementor-column elementor-col-50 elementor-inner-column elementor-element elementor-element-701a5367\" data-id=\"701a5367\" data-element_type=\"column\" data-e-type=\"column\">\n\t\t\t<div class=\"elementor-widget-wrap elementor-element-populated\">\n\t\t\t\t\t\t<div class=\"elementor-element elementor-element-69f78d6c elementor-widget elementor-widget-text-editor\" data-id=\"69f78d6c\" data-element_type=\"widget\" data-e-type=\"widget\" data-widget_type=\"text-editor.default\">\n\t\t\t\t<div class=\"elementor-widget-container\">\n\t\t\t\t\t\t\t\t\t<p>Steel structures must be protected from corrosion before assembly, partially or completely, depending on the purpose of the structure. Protection against corrosion is carried out according to the regulations for the protection of steel structures against corrosion.<\/p>\t\t\t\t\t\t\t\t<\/div>\n\t\t\t\t<\/div>\n\t\t\t\t\t<\/div>\n\t\t<\/div>\n\t\t\t\t\t<\/div>\n\t\t<\/section>\n\t\t\t\t\t<\/div>\n\t\t<\/div>\n\t\t\t\t\t<\/div>\n\t\t<\/section>\n\t\t\t\t<\/div>","protected":false},"excerpt":{"rendered":"<p>Metalne Konstrukcije Metalne konstrukcije Posebni tehni\u010dki uslovi sadr\u017ee zahteve u pogledu materijala, izrade i montiranja konstrukcije, izrade plana zavarivanja, kao i na\u010dina i obima specijalnih kontrola \u010deli\u010dne konstrukcije. Planovi zavarivanja i specijalnih kontrola \u010dine sastavni deo tehni\u010dke dokumentacije. Pri dimenzionisanju \u010deli\u010dne konstrukcije, zavisno od njihove namene, uzimaju se u obzir slede\u0107e vrste optere\u0107enja: sopstvena te\u017eina [&hellip;]<\/p>\n","protected":false},"author":1,"featured_media":0,"parent":245,"menu_order":0,"comment_status":"closed","ping_status":"closed","template":"elementor_header_footer","meta":{"footnotes":""},"class_list":["post-1294","page","type-page","status-publish","hentry"],"yoast_head":"<!-- This site is optimized with the Yoast SEO plugin v27.4 - https:\/\/yoast.com\/product\/yoast-seo-wordpress\/ -->\n<title>Metalne konstrukcije - MW Montage Engineering<\/title>\n<meta name=\"robots\" content=\"index, follow, max-snippet:-1, max-image-preview:large, max-video-preview:-1\" \/>\n<link rel=\"canonical\" href=\"https:\/\/imw-mont.com\/en\/usluge\/metalne-konstrukcije\/\" \/>\n<meta property=\"og:locale\" content=\"en_GB\" \/>\n<meta property=\"og:type\" content=\"article\" \/>\n<meta property=\"og:title\" content=\"Metalne konstrukcije - MW Montage Engineering\" \/>\n<meta property=\"og:description\" content=\"Metalne Konstrukcije Metalne konstrukcije Posebni tehni\u010dki uslovi sadr\u017ee zahteve u pogledu materijala, izrade i montiranja konstrukcije, izrade plana zavarivanja, kao i na\u010dina i obima specijalnih kontrola \u010deli\u010dne konstrukcije. Planovi zavarivanja i specijalnih kontrola \u010dine sastavni deo tehni\u010dke dokumentacije. Pri dimenzionisanju \u010deli\u010dne konstrukcije, zavisno od njihove namene, uzimaju se u obzir slede\u0107e vrste optere\u0107enja: sopstvena te\u017eina [&hellip;]\" \/>\n<meta property=\"og:url\" content=\"https:\/\/imw-mont.com\/en\/usluge\/metalne-konstrukcije\/\" \/>\n<meta property=\"og:site_name\" content=\"MW Montage Engineering\" \/>\n<meta property=\"article:modified_time\" content=\"2023-05-12T18:14:27+00:00\" \/>\n<meta property=\"og:image\" content=\"https:\/\/imw-mont.com\/wp-content\/uploads\/elementor\/thumbs\/1679951058863-q6bcxw8juevcf4zom2o35cia4yjnr0it3tnem9l09s.jpg\" \/>\n<meta name=\"twitter:card\" content=\"summary_large_image\" \/>\n<meta name=\"twitter:label1\" content=\"Estimated reading time\" \/>\n\t<meta name=\"twitter:data1\" content=\"1 minute\" \/>\n<script type=\"application\/ld+json\" class=\"yoast-schema-graph\">{\"@context\":\"https:\\\/\\\/schema.org\",\"@graph\":[{\"@type\":\"WebPage\",\"@id\":\"https:\\\/\\\/imw-mont.com\\\/usluge\\\/metalne-konstrukcije\\\/\",\"url\":\"https:\\\/\\\/imw-mont.com\\\/usluge\\\/metalne-konstrukcije\\\/\",\"name\":\"Metalne konstrukcije - MW Montage Engineering\",\"isPartOf\":{\"@id\":\"https:\\\/\\\/imw-mont.com\\\/#website\"},\"primaryImageOfPage\":{\"@id\":\"https:\\\/\\\/imw-mont.com\\\/usluge\\\/metalne-konstrukcije\\\/#primaryimage\"},\"image\":{\"@id\":\"https:\\\/\\\/imw-mont.com\\\/usluge\\\/metalne-konstrukcije\\\/#primaryimage\"},\"thumbnailUrl\":\"https:\\\/\\\/imw-mont.com\\\/wp-content\\\/uploads\\\/elementor\\\/thumbs\\\/1679951058863-q6bcxw8juevcf4zom2o35cia4yjnr0it3tnem9l09s.jpg\",\"datePublished\":\"2023-05-12T18:03:52+00:00\",\"dateModified\":\"2023-05-12T18:14:27+00:00\",\"breadcrumb\":{\"@id\":\"https:\\\/\\\/imw-mont.com\\\/usluge\\\/metalne-konstrukcije\\\/#breadcrumb\"},\"inLanguage\":\"en-GB\",\"potentialAction\":[{\"@type\":\"ReadAction\",\"target\":[\"https:\\\/\\\/imw-mont.com\\\/usluge\\\/metalne-konstrukcije\\\/\"]}]},{\"@type\":\"ImageObject\",\"inLanguage\":\"en-GB\",\"@id\":\"https:\\\/\\\/imw-mont.com\\\/usluge\\\/metalne-konstrukcije\\\/#primaryimage\",\"url\":\"https:\\\/\\\/imw-mont.com\\\/wp-content\\\/uploads\\\/elementor\\\/thumbs\\\/1679951058863-q6bcxw8juevcf4zom2o35cia4yjnr0it3tnem9l09s.jpg\",\"contentUrl\":\"https:\\\/\\\/imw-mont.com\\\/wp-content\\\/uploads\\\/elementor\\\/thumbs\\\/1679951058863-q6bcxw8juevcf4zom2o35cia4yjnr0it3tnem9l09s.jpg\"},{\"@type\":\"BreadcrumbList\",\"@id\":\"https:\\\/\\\/imw-mont.com\\\/usluge\\\/metalne-konstrukcije\\\/#breadcrumb\",\"itemListElement\":[{\"@type\":\"ListItem\",\"position\":1,\"name\":\"Home\",\"item\":\"https:\\\/\\\/imw-mont.com\\\/\"},{\"@type\":\"ListItem\",\"position\":2,\"name\":\"Usluge\",\"item\":\"https:\\\/\\\/imw-mont.com\\\/usluge\\\/\"},{\"@type\":\"ListItem\",\"position\":3,\"name\":\"Metalne konstrukcije\"}]},{\"@type\":\"WebSite\",\"@id\":\"https:\\\/\\\/imw-mont.com\\\/#website\",\"url\":\"https:\\\/\\\/imw-mont.com\\\/\",\"name\":\"IMW montage Engineering\",\"description\":\"Izrada metalnih konstrukcija, monta\u017ea sendvi\u010d panela, odr\u017eavanje i monta\u017ea proizvodnih pogona, usluga zavarivanja\",\"publisher\":{\"@id\":\"https:\\\/\\\/imw-mont.com\\\/#organization\"},\"potentialAction\":[{\"@type\":\"SearchAction\",\"target\":{\"@type\":\"EntryPoint\",\"urlTemplate\":\"https:\\\/\\\/imw-mont.com\\\/?s={search_term_string}\"},\"query-input\":{\"@type\":\"PropertyValueSpecification\",\"valueRequired\":true,\"valueName\":\"search_term_string\"}}],\"inLanguage\":\"en-GB\"},{\"@type\":\"Organization\",\"@id\":\"https:\\\/\\\/imw-mont.com\\\/#organization\",\"name\":\"IMW montage Engineering\",\"url\":\"https:\\\/\\\/imw-mont.com\\\/\",\"logo\":{\"@type\":\"ImageObject\",\"inLanguage\":\"en-GB\",\"@id\":\"https:\\\/\\\/imw-mont.com\\\/#\\\/schema\\\/logo\\\/image\\\/\",\"url\":\"https:\\\/\\\/imw-mont.com\\\/wp-content\\\/uploads\\\/2023\\\/05\\\/Logo-za-kontakt.png\",\"contentUrl\":\"https:\\\/\\\/imw-mont.com\\\/wp-content\\\/uploads\\\/2023\\\/05\\\/Logo-za-kontakt.png\",\"width\":792,\"height\":222,\"caption\":\"IMW montage Engineering\"},\"image\":{\"@id\":\"https:\\\/\\\/imw-mont.com\\\/#\\\/schema\\\/logo\\\/image\\\/\"}}]}<\/script>\n<!-- \/ Yoast SEO plugin. -->","yoast_head_json":{"title":"Metalne konstrukcije - MW Montage Engineering","robots":{"index":"index","follow":"follow","max-snippet":"max-snippet:-1","max-image-preview":"max-image-preview:large","max-video-preview":"max-video-preview:-1"},"canonical":"https:\/\/imw-mont.com\/en\/usluge\/metalne-konstrukcije\/","og_locale":"en_GB","og_type":"article","og_title":"Metalne konstrukcije - MW Montage Engineering","og_description":"Metalne Konstrukcije Metalne konstrukcije Posebni tehni\u010dki uslovi sadr\u017ee zahteve u pogledu materijala, izrade i montiranja konstrukcije, izrade plana zavarivanja, kao i na\u010dina i obima specijalnih kontrola \u010deli\u010dne konstrukcije. Planovi zavarivanja i specijalnih kontrola \u010dine sastavni deo tehni\u010dke dokumentacije. Pri dimenzionisanju \u010deli\u010dne konstrukcije, zavisno od njihove namene, uzimaju se u obzir slede\u0107e vrste optere\u0107enja: sopstvena te\u017eina [&hellip;]","og_url":"https:\/\/imw-mont.com\/en\/usluge\/metalne-konstrukcije\/","og_site_name":"MW Montage Engineering","article_modified_time":"2023-05-12T18:14:27+00:00","og_image":[{"url":"https:\/\/imw-mont.com\/wp-content\/uploads\/elementor\/thumbs\/1679951058863-q6bcxw8juevcf4zom2o35cia4yjnr0it3tnem9l09s.jpg","type":"","width":"","height":""}],"twitter_card":"summary_large_image","twitter_misc":{"Estimated reading time":"1 minute"},"schema":{"@context":"https:\/\/schema.org","@graph":[{"@type":"WebPage","@id":"https:\/\/imw-mont.com\/usluge\/metalne-konstrukcije\/","url":"https:\/\/imw-mont.com\/usluge\/metalne-konstrukcije\/","name":"Metalne konstrukcije - MW Montage Engineering","isPartOf":{"@id":"https:\/\/imw-mont.com\/#website"},"primaryImageOfPage":{"@id":"https:\/\/imw-mont.com\/usluge\/metalne-konstrukcije\/#primaryimage"},"image":{"@id":"https:\/\/imw-mont.com\/usluge\/metalne-konstrukcije\/#primaryimage"},"thumbnailUrl":"https:\/\/imw-mont.com\/wp-content\/uploads\/elementor\/thumbs\/1679951058863-q6bcxw8juevcf4zom2o35cia4yjnr0it3tnem9l09s.jpg","datePublished":"2023-05-12T18:03:52+00:00","dateModified":"2023-05-12T18:14:27+00:00","breadcrumb":{"@id":"https:\/\/imw-mont.com\/usluge\/metalne-konstrukcije\/#breadcrumb"},"inLanguage":"en-GB","potentialAction":[{"@type":"ReadAction","target":["https:\/\/imw-mont.com\/usluge\/metalne-konstrukcije\/"]}]},{"@type":"ImageObject","inLanguage":"en-GB","@id":"https:\/\/imw-mont.com\/usluge\/metalne-konstrukcije\/#primaryimage","url":"https:\/\/imw-mont.com\/wp-content\/uploads\/elementor\/thumbs\/1679951058863-q6bcxw8juevcf4zom2o35cia4yjnr0it3tnem9l09s.jpg","contentUrl":"https:\/\/imw-mont.com\/wp-content\/uploads\/elementor\/thumbs\/1679951058863-q6bcxw8juevcf4zom2o35cia4yjnr0it3tnem9l09s.jpg"},{"@type":"BreadcrumbList","@id":"https:\/\/imw-mont.com\/usluge\/metalne-konstrukcije\/#breadcrumb","itemListElement":[{"@type":"ListItem","position":1,"name":"Home","item":"https:\/\/imw-mont.com\/"},{"@type":"ListItem","position":2,"name":"Usluge","item":"https:\/\/imw-mont.com\/usluge\/"},{"@type":"ListItem","position":3,"name":"Metalne konstrukcije"}]},{"@type":"WebSite","@id":"https:\/\/imw-mont.com\/#website","url":"https:\/\/imw-mont.com\/","name":"IMW montage Engineering","description":"Izrada metalnih konstrukcija, monta\u017ea sendvi\u010d panela, odr\u017eavanje i monta\u017ea proizvodnih pogona, usluga zavarivanja","publisher":{"@id":"https:\/\/imw-mont.com\/#organization"},"potentialAction":[{"@type":"SearchAction","target":{"@type":"EntryPoint","urlTemplate":"https:\/\/imw-mont.com\/?s={search_term_string}"},"query-input":{"@type":"PropertyValueSpecification","valueRequired":true,"valueName":"search_term_string"}}],"inLanguage":"en-GB"},{"@type":"Organization","@id":"https:\/\/imw-mont.com\/#organization","name":"IMW montage Engineering","url":"https:\/\/imw-mont.com\/","logo":{"@type":"ImageObject","inLanguage":"en-GB","@id":"https:\/\/imw-mont.com\/#\/schema\/logo\/image\/","url":"https:\/\/imw-mont.com\/wp-content\/uploads\/2023\/05\/Logo-za-kontakt.png","contentUrl":"https:\/\/imw-mont.com\/wp-content\/uploads\/2023\/05\/Logo-za-kontakt.png","width":792,"height":222,"caption":"IMW montage Engineering"},"image":{"@id":"https:\/\/imw-mont.com\/#\/schema\/logo\/image\/"}}]}},"_links":{"self":[{"href":"https:\/\/imw-mont.com\/en\/wp-json\/wp\/v2\/pages\/1294","targetHints":{"allow":["GET"]}}],"collection":[{"href":"https:\/\/imw-mont.com\/en\/wp-json\/wp\/v2\/pages"}],"about":[{"href":"https:\/\/imw-mont.com\/en\/wp-json\/wp\/v2\/types\/page"}],"author":[{"embeddable":true,"href":"https:\/\/imw-mont.com\/en\/wp-json\/wp\/v2\/users\/1"}],"replies":[{"embeddable":true,"href":"https:\/\/imw-mont.com\/en\/wp-json\/wp\/v2\/comments?post=1294"}],"version-history":[{"count":8,"href":"https:\/\/imw-mont.com\/en\/wp-json\/wp\/v2\/pages\/1294\/revisions"}],"predecessor-version":[{"id":1305,"href":"https:\/\/imw-mont.com\/en\/wp-json\/wp\/v2\/pages\/1294\/revisions\/1305"}],"up":[{"embeddable":true,"href":"https:\/\/imw-mont.com\/en\/wp-json\/wp\/v2\/pages\/245"}],"wp:attachment":[{"href":"https:\/\/imw-mont.com\/en\/wp-json\/wp\/v2\/media?parent=1294"}],"curies":[{"name":"wp","href":"https:\/\/api.w.org\/{rel}","templated":true}]}}